{"id":9798,"date":"2023-10-05T17:08:07","date_gmt":"2023-10-05T15:08:07","guid":{"rendered":"https:\/\/vintageworld.hu\/termek\/christmas-ornament-pink\/"},"modified":"2025-04-15T19:42:49","modified_gmt":"2025-04-15T17:42:49","slug":"christmas-ornament-pink","status":"publish","type":"product","link":"https:\/\/vintageworld.hu\/en\/webshop\/christmas-ornament-pink\/","title":{"rendered":"Christmas ornament &#8211; pink"},"content":{"rendered":"<p>If you&#8217;re not sure what to gift your loved ones, friends, or family for Christmas, then this unique Christmas ornament with a personalized inscription is the perfect choice.<\/p>\n<p>Imagine how the personalized sparkling ornaments on the Christmas tree will look back at you. Doesn&#8217;t it sound wonderful?<\/p>\n<p>Order it today to make sure it adorns your Christmas tree on the 24th of December.<\/p>\n<p>We can start shipping the ornaments FROM MID-NOVEMBER. Orders can be placed only until December 10th at midnight, and they are GUARANTEED TO ARRIVE BEFORE CHRISTMAS!<\/p>\n<p>The production time for the ornaments is a maximum of 2 weeks, so please keep this in mind when placing your order! We guarantee delivery for all orders placed by December 10th, before Christmas.<\/p>\n<p>Orders can be placed only until December 14th at midnight.<\/p>\n<p>We can write a maximum of 5 words on the ornament.<\/p>\n<p>The glass ornament has a diameter of 8 cm. The material of the ornament is glass.<\/p>\n<p>Follow us on <a href=\"https:\/\/www.facebook.com\/vintageworld.hu\/\">Facebook<\/a> and <a href=\"https:\/\/www.instagram.com\/vintageworldhu\/?hl=hu\">Instagram<\/a>, where we constantly share new content and updates!<\/p>\n","protected":false},"excerpt":{"rendered":"<p>If you&#8217;re not sure what to gift your loved ones, friends, or family for Christmas, then this unique Christmas ornament with a personalized inscription is the perfect choice. Imagine how the personalized sparkling ornaments on the Christmas t&#8230;<\/p>\n","protected":false},"featured_media":8710,"template":"","meta":[],"etheme_brands":[],"product_brand":[],"product_cat":[668,806,643],"product_tag":[],"class_list":{"0":"post-9798","1":"product","2":"type-product","3":"status-publish","4":"has-post-thumbnail","6":"product_cat-cheistmas-ball-ornaments","7":"product_cat-cheistmas-ball-ornaments-en-2","8":"product_cat-helloo-christmas","10":"first","11":"outofstock","12":"taxable","13":"shipping-taxable","14":"purchasable","15":"product-type-simple"},"exclude_global_add_ons":[],"addons":[],"yoast_head":"<!-- This site is optimized with the Yoast SEO plugin v27.0 - https:\/\/yoast.com\/product\/yoast-seo-wordpress\/ -->\n<title>Christmas ornament - pink - Vintage World<\/title>\n<meta name=\"robots\" content=\"index, follow, max-snippet:-1, max-image-preview:large, max-video-preview:-1\" \/>\n<link rel=\"canonical\" href=\"https:\/\/vintageworld.hu\/en\/webshop\/christmas-ornament-pink\/\" \/>\n<meta property=\"og:locale\" content=\"en_US\" \/>\n<meta property=\"og:type\" content=\"article\" \/>\n<meta property=\"og:title\" content=\"Christmas ornament - pink - Vintage World\" \/>\n<meta property=\"og:description\" content=\"If you&#8217;re not sure what to gift your loved ones, friends, or family for Christmas, then this unique Christmas ornament with a personalized inscription is the perfect choice. Imagine how the personalized sparkling ornaments on the Christmas t...\" \/>\n<meta property=\"og:url\" content=\"https:\/\/vintageworld.hu\/en\/webshop\/christmas-ornament-pink\/\" \/>\n<meta property=\"og:site_name\" content=\"Vintage World\" \/>\n<meta property=\"article:modified_time\" content=\"2025-04-15T17:42:49+00:00\" \/>\n<meta property=\"og:image\" content=\"https:\/\/vintageworld.hu\/wp-content\/uploads\/2025\/04\/img_0575.jpg\" \/>\n\t<meta property=\"og:image:width\" content=\"768\" \/>\n\t<meta property=\"og:image:height\" content=\"768\" \/>\n\t<meta property=\"og:image:type\" content=\"image\/jpeg\" \/>\n<meta name=\"twitter:card\" content=\"summary_large_image\" \/>\n<meta name=\"twitter:label1\" content=\"Est. reading time\" \/>\n\t<meta name=\"twitter:data1\" content=\"1 minute\" \/>\n<script type=\"application\/ld+json\" class=\"yoast-schema-graph\">{\"@context\":\"https:\/\/schema.org\",\"@graph\":[{\"@type\":\"WebPage\",\"@id\":\"https:\/\/vintageworld.hu\/en\/webshop\/christmas-ornament-pink\/\",\"url\":\"https:\/\/vintageworld.hu\/en\/webshop\/christmas-ornament-pink\/\",\"name\":\"Christmas ornament - pink - Vintage World\",\"isPartOf\":{\"@id\":\"https:\/\/vintageworld.hu\/#website\"},\"primaryImageOfPage\":{\"@id\":\"https:\/\/vintageworld.hu\/en\/webshop\/christmas-ornament-pink\/#primaryimage\"},\"image\":{\"@id\":\"https:\/\/vintageworld.hu\/en\/webshop\/christmas-ornament-pink\/#primaryimage\"},\"thumbnailUrl\":\"https:\/\/vintageworld.hu\/wp-content\/uploads\/2025\/04\/img_0575.jpg\",\"datePublished\":\"2023-10-05T15:08:07+00:00\",\"dateModified\":\"2025-04-15T17:42:49+00:00\",\"breadcrumb\":{\"@id\":\"https:\/\/vintageworld.hu\/en\/webshop\/christmas-ornament-pink\/#breadcrumb\"},\"inLanguage\":\"en-US\",\"potentialAction\":[{\"@type\":\"ReadAction\",\"target\":[\"https:\/\/vintageworld.hu\/en\/webshop\/christmas-ornament-pink\/\"]}]},{\"@type\":\"ImageObject\",\"inLanguage\":\"en-US\",\"@id\":\"https:\/\/vintageworld.hu\/en\/webshop\/christmas-ornament-pink\/#primaryimage\",\"url\":\"https:\/\/vintageworld.hu\/wp-content\/uploads\/2025\/04\/img_0575.jpg\",\"contentUrl\":\"https:\/\/vintageworld.hu\/wp-content\/uploads\/2025\/04\/img_0575.jpg\",\"width\":768,\"height\":768},{\"@type\":\"BreadcrumbList\",\"@id\":\"https:\/\/vintageworld.hu\/en\/webshop\/christmas-ornament-pink\/#breadcrumb\",\"itemListElement\":[{\"@type\":\"ListItem\",\"position\":1,\"name\":\"Kezd\u0151lap\",\"item\":\"https:\/\/vintageworld.hu\/en\/\"},{\"@type\":\"ListItem\",\"position\":2,\"name\":\"Shop\",\"item\":\"https:\/\/vintageworld.hu\/shop\/\"},{\"@type\":\"ListItem\",\"position\":3,\"name\":\"Christmas ornament &#8211; pink\"}]},{\"@type\":\"WebSite\",\"@id\":\"https:\/\/vintageworld.hu\/#website\",\"url\":\"https:\/\/vintageworld.hu\/\",\"name\":\"Vintage World\",\"description\":\"K\u00e1v\u00e9, reggeli, vir\u00e1g, web\u00e1ruh\u00e1z\",\"publisher\":{\"@id\":\"https:\/\/vintageworld.hu\/#organization\"},\"potentialAction\":[{\"@type\":\"SearchAction\",\"target\":{\"@type\":\"EntryPoint\",\"urlTemplate\":\"https:\/\/vintageworld.hu\/?s={search_term_string}\"},\"query-input\":{\"@type\":\"PropertyValueSpecification\",\"valueRequired\":true,\"valueName\":\"search_term_string\"}}],\"inLanguage\":\"en-US\"},{\"@type\":\"Organization\",\"@id\":\"https:\/\/vintageworld.hu\/#organization\",\"name\":\"Vintage World\",\"url\":\"https:\/\/vintageworld.hu\/\",\"logo\":{\"@type\":\"ImageObject\",\"inLanguage\":\"en-US\",\"@id\":\"https:\/\/vintageworld.hu\/#\/schema\/logo\/image\/\",\"url\":\"https:\/\/vintageworld.hu\/wp-content\/uploads\/2025\/03\/site-logo.png\",\"contentUrl\":\"https:\/\/vintageworld.hu\/wp-content\/uploads\/2025\/03\/site-logo.png\",\"width\":301,\"height\":89,\"caption\":\"Vintage World\"},\"image\":{\"@id\":\"https:\/\/vintageworld.hu\/#\/schema\/logo\/image\/\"}}]}<\/script>\n<!-- \/ Yoast SEO plugin. -->","yoast_head_json":{"title":"Christmas ornament - pink - Vintage World","robots":{"index":"index","follow":"follow","max-snippet":"max-snippet:-1","max-image-preview":"max-image-preview:large","max-video-preview":"max-video-preview:-1"},"canonical":"https:\/\/vintageworld.hu\/en\/webshop\/christmas-ornament-pink\/","og_locale":"en_US","og_type":"article","og_title":"Christmas ornament - pink - Vintage World","og_description":"If you&#8217;re not sure what to gift your loved ones, friends, or family for Christmas, then this unique Christmas ornament with a personalized inscription is the perfect choice. Imagine how the personalized sparkling ornaments on the Christmas t...","og_url":"https:\/\/vintageworld.hu\/en\/webshop\/christmas-ornament-pink\/","og_site_name":"Vintage World","article_modified_time":"2025-04-15T17:42:49+00:00","og_image":[{"width":768,"height":768,"url":"https:\/\/vintageworld.hu\/wp-content\/uploads\/2025\/04\/img_0575.jpg","type":"image\/jpeg"}],"twitter_card":"summary_large_image","twitter_misc":{"Est. reading time":"1 minute"},"schema":{"@context":"https:\/\/schema.org","@graph":[{"@type":"WebPage","@id":"https:\/\/vintageworld.hu\/en\/webshop\/christmas-ornament-pink\/","url":"https:\/\/vintageworld.hu\/en\/webshop\/christmas-ornament-pink\/","name":"Christmas ornament - pink - Vintage World","isPartOf":{"@id":"https:\/\/vintageworld.hu\/#website"},"primaryImageOfPage":{"@id":"https:\/\/vintageworld.hu\/en\/webshop\/christmas-ornament-pink\/#primaryimage"},"image":{"@id":"https:\/\/vintageworld.hu\/en\/webshop\/christmas-ornament-pink\/#primaryimage"},"thumbnailUrl":"https:\/\/vintageworld.hu\/wp-content\/uploads\/2025\/04\/img_0575.jpg","datePublished":"2023-10-05T15:08:07+00:00","dateModified":"2025-04-15T17:42:49+00:00","breadcrumb":{"@id":"https:\/\/vintageworld.hu\/en\/webshop\/christmas-ornament-pink\/#breadcrumb"},"inLanguage":"en-US","potentialAction":[{"@type":"ReadAction","target":["https:\/\/vintageworld.hu\/en\/webshop\/christmas-ornament-pink\/"]}]},{"@type":"ImageObject","inLanguage":"en-US","@id":"https:\/\/vintageworld.hu\/en\/webshop\/christmas-ornament-pink\/#primaryimage","url":"https:\/\/vintageworld.hu\/wp-content\/uploads\/2025\/04\/img_0575.jpg","contentUrl":"https:\/\/vintageworld.hu\/wp-content\/uploads\/2025\/04\/img_0575.jpg","width":768,"height":768},{"@type":"BreadcrumbList","@id":"https:\/\/vintageworld.hu\/en\/webshop\/christmas-ornament-pink\/#breadcrumb","itemListElement":[{"@type":"ListItem","position":1,"name":"Kezd\u0151lap","item":"https:\/\/vintageworld.hu\/en\/"},{"@type":"ListItem","position":2,"name":"Shop","item":"https:\/\/vintageworld.hu\/shop\/"},{"@type":"ListItem","position":3,"name":"Christmas ornament &#8211; pink"}]},{"@type":"WebSite","@id":"https:\/\/vintageworld.hu\/#website","url":"https:\/\/vintageworld.hu\/","name":"Vintage World","description":"K\u00e1v\u00e9, reggeli, vir\u00e1g, web\u00e1ruh\u00e1z","publisher":{"@id":"https:\/\/vintageworld.hu\/#organization"},"potentialAction":[{"@type":"SearchAction","target":{"@type":"EntryPoint","urlTemplate":"https:\/\/vintageworld.hu\/?s={search_term_string}"},"query-input":{"@type":"PropertyValueSpecification","valueRequired":true,"valueName":"search_term_string"}}],"inLanguage":"en-US"},{"@type":"Organization","@id":"https:\/\/vintageworld.hu\/#organization","name":"Vintage World","url":"https:\/\/vintageworld.hu\/","logo":{"@type":"ImageObject","inLanguage":"en-US","@id":"https:\/\/vintageworld.hu\/#\/schema\/logo\/image\/","url":"https:\/\/vintageworld.hu\/wp-content\/uploads\/2025\/03\/site-logo.png","contentUrl":"https:\/\/vintageworld.hu\/wp-content\/uploads\/2025\/03\/site-logo.png","width":301,"height":89,"caption":"Vintage World"},"image":{"@id":"https:\/\/vintageworld.hu\/#\/schema\/logo\/image\/"}}]}},"_links":{"self":[{"href":"https:\/\/vintageworld.hu\/en\/wp-json\/wp\/v2\/product\/9798","targetHints":{"allow":["GET"]}}],"collection":[{"href":"https:\/\/vintageworld.hu\/en\/wp-json\/wp\/v2\/product"}],"about":[{"href":"https:\/\/vintageworld.hu\/en\/wp-json\/wp\/v2\/types\/product"}],"version-history":[{"count":0,"href":"https:\/\/vintageworld.hu\/en\/wp-json\/wp\/v2\/product\/9798\/revisions"}],"wp:featuredmedia":[{"embeddable":true,"href":"https:\/\/vintageworld.hu\/en\/wp-json\/wp\/v2\/media\/8710"}],"wp:attachment":[{"href":"https:\/\/vintageworld.hu\/en\/wp-json\/wp\/v2\/media?parent=9798"}],"wp:term":[{"taxonomy":"brand","embeddable":true,"href":"https:\/\/vintageworld.hu\/en\/wp-json\/wp\/v2\/etheme_brands?post=9798"},{"taxonomy":"product_brand","embeddable":true,"href":"https:\/\/vintageworld.hu\/en\/wp-json\/wp\/v2\/product_brand?post=9798"},{"taxonomy":"product_cat","embeddable":true,"href":"https:\/\/vintageworld.hu\/en\/wp-json\/wp\/v2\/product_cat?post=9798"},{"taxonomy":"product_tag","embeddable":true,"href":"https:\/\/vintageworld.hu\/en\/wp-json\/wp\/v2\/product_tag?post=9798"}],"curies":[{"name":"wp","href":"https:\/\/api.w.org\/{rel}","templated":true}]}}