{"id":9262,"date":"2022-04-13T12:10:49","date_gmt":"2022-04-13T10:10:49","guid":{"rendered":"https:\/\/vintageworld.hu\/termek\/mom-and-daughter-bracelet-set\/"},"modified":"2025-04-15T18:46:06","modified_gmt":"2025-04-15T16:46:06","slug":"mom-and-daughter-bracelet-set","status":"publish","type":"product","link":"https:\/\/vintageworld.hu\/en\/webshop\/mom-and-daughter-bracelet-set\/","title":{"rendered":"Mom and Daughter bracelet set"},"content":{"rendered":"<h3><em>Mom and Daughter bracelet set<\/em><\/h3>\n<p>The bracelet was made of rose quartz mineral.<\/p>\n<p>&nbsp;<\/p>\n<p><strong>Spiritual effect of the rose quartz:<\/strong><\/p>\n<p>Rose quartz is the most outstanding stone of the heart chakra.<\/p>\n<p>It helps to get to know ourselves, increase our self-confidence and self-assessment.<\/p>\n<p>It has a relaxing effect.<\/p>\n<p>It is used as an elimination of mental burdens, because this mineral gives the most energy. It gives back our spiritual balance. By wearing this bracelet, you feel yourself braver and it also develops the empathy, but not just for us but for the people around us.<\/p>\n<p>It is called the stone of love.<\/p>\n<p>&nbsp;<\/p>\n<p><strong>Physical effect of the rose quartz:<\/strong><\/p>\n<p>It helps to increase the fertility, terminates the heartaches and strenghtens the veins. It has a benefical effect of the anemia, kidney function and blood pressure.<\/p>\n<p>For children and fetus it is especially good.<\/p>\n<p>Strenghtens the heart and the nerves. By wearing this bracelet you feel yourself invincible.<\/p>\n<p>&nbsp;<\/p>\n<p><em>Wishing you all powerful and energy-filled moments with your new jewels.<\/em><\/p>\n<p>&nbsp;<\/p>\n<p>&nbsp;<\/p>\n<p>The gift is such a lovely way to express our care to our loved ones. Perfect present for birthdays, memorable events, farewell ceremonies or other special occasions.<\/p>\n<p>&nbsp;<\/p>\n<p><strong>Holistic healing abilities mentioned above never replace but can help medical treatments. NaYa mineral jewelleries are not for curing illnesses, using them for phisycal or mental healing is the decision of the customer only we can not take any responsibility for the fact that.<\/strong><\/p>\n<p>&nbsp;<\/p>\n<p>NaYa accessories are shipped in classy velvet jewellery bags. It is also possible to choose our elegant luxury paper boxes that you can add to your order. Select your favorite boxes here.<\/p>\n<p>&nbsp;<\/p>\n<p>Source:<\/p>\n<ul>\n<li>Judy Hall: Var\u00e1zslatos krist\u00e1lyok<\/li>\n<li>Judy Hall: Krist\u00e1lybiblia<\/li>\n<li>Dr. Csomai Zita: Gy\u00f3gy\u00edt\u00f3 krist\u00e1lyok<\/li>\n<\/ul>\n<p>Follow us on <a href=\"https:\/\/www.facebook.com\/vintageworld.hu\">Facebook<\/a> and <a href=\"https:\/\/www.instagram.com\/vintageworldhu\/\">Instagram<\/a>!<\/p>\n","protected":false},"excerpt":{"rendered":"<p>Mom and Daughter bracelet set The bracelet was made of rose quartz mineral. &nbsp; Spiritual effect of the rose quartz: Rose quartz is the most outstanding stone of the heart chakra. It helps to get to know ourselves, increase our self-confidence &#8230;<\/p>\n","protected":false},"featured_media":5538,"template":"","meta":[],"etheme_brands":[],"product_brand":[],"product_cat":[645,803],"product_tag":[],"class_list":{"0":"post-9262","1":"product","2":"type-product","3":"status-publish","4":"has-post-thumbnail","6":"product_cat-naya-mineral-jewelry","7":"product_cat-naya-mineral-jewelry-en","9":"first","10":"instock","11":"taxable","12":"shipping-taxable","13":"purchasable","14":"product-type-simple"},"exclude_global_add_ons":[],"addons":[],"yoast_head":"<!-- This site is optimized with the Yoast SEO plugin v27.0 - https:\/\/yoast.com\/product\/yoast-seo-wordpress\/ -->\n<title>Mom and Daughter bracelet set - Vintage World<\/title>\n<meta name=\"robots\" content=\"index, follow, max-snippet:-1, max-image-preview:large, max-video-preview:-1\" \/>\n<link rel=\"canonical\" href=\"https:\/\/vintageworld.hu\/en\/webshop\/mom-and-daughter-bracelet-set\/\" \/>\n<meta property=\"og:locale\" content=\"en_US\" \/>\n<meta property=\"og:type\" content=\"article\" \/>\n<meta property=\"og:title\" content=\"Mom and Daughter bracelet set - Vintage World\" \/>\n<meta property=\"og:description\" content=\"Mom and Daughter bracelet set The bracelet was made of rose quartz mineral. &nbsp; Spiritual effect of the rose quartz: Rose quartz is the most outstanding stone of the heart chakra. It helps to get to know ourselves, increase our self-confidence ...\" \/>\n<meta property=\"og:url\" content=\"https:\/\/vintageworld.hu\/en\/webshop\/mom-and-daughter-bracelet-set\/\" \/>\n<meta property=\"og:site_name\" content=\"Vintage World\" \/>\n<meta property=\"article:modified_time\" content=\"2025-04-15T16:46:06+00:00\" \/>\n<meta property=\"og:image\" content=\"https:\/\/vintageworld.hu\/wp-content\/uploads\/2025\/03\/anya-lanya-karkoto-e1697539604334.jpg\" \/>\n\t<meta property=\"og:image:width\" content=\"599\" \/>\n\t<meta property=\"og:image:height\" content=\"599\" \/>\n\t<meta property=\"og:image:type\" content=\"image\/jpeg\" \/>\n<meta name=\"twitter:card\" content=\"summary_large_image\" \/>\n<meta name=\"twitter:label1\" content=\"Est. reading time\" \/>\n\t<meta name=\"twitter:data1\" content=\"2 minutes\" \/>\n<script type=\"application\/ld+json\" class=\"yoast-schema-graph\">{\"@context\":\"https:\/\/schema.org\",\"@graph\":[{\"@type\":\"WebPage\",\"@id\":\"https:\/\/vintageworld.hu\/en\/webshop\/mom-and-daughter-bracelet-set\/\",\"url\":\"https:\/\/vintageworld.hu\/en\/webshop\/mom-and-daughter-bracelet-set\/\",\"name\":\"Mom and Daughter bracelet set - Vintage World\",\"isPartOf\":{\"@id\":\"https:\/\/vintageworld.hu\/#website\"},\"primaryImageOfPage\":{\"@id\":\"https:\/\/vintageworld.hu\/en\/webshop\/mom-and-daughter-bracelet-set\/#primaryimage\"},\"image\":{\"@id\":\"https:\/\/vintageworld.hu\/en\/webshop\/mom-and-daughter-bracelet-set\/#primaryimage\"},\"thumbnailUrl\":\"https:\/\/vintageworld.hu\/wp-content\/uploads\/2025\/03\/anya-lanya-karkoto-e1697539604334.jpg\",\"datePublished\":\"2022-04-13T10:10:49+00:00\",\"dateModified\":\"2025-04-15T16:46:06+00:00\",\"breadcrumb\":{\"@id\":\"https:\/\/vintageworld.hu\/en\/webshop\/mom-and-daughter-bracelet-set\/#breadcrumb\"},\"inLanguage\":\"en-US\",\"potentialAction\":[{\"@type\":\"ReadAction\",\"target\":[\"https:\/\/vintageworld.hu\/en\/webshop\/mom-and-daughter-bracelet-set\/\"]}]},{\"@type\":\"ImageObject\",\"inLanguage\":\"en-US\",\"@id\":\"https:\/\/vintageworld.hu\/en\/webshop\/mom-and-daughter-bracelet-set\/#primaryimage\",\"url\":\"https:\/\/vintageworld.hu\/wp-content\/uploads\/2025\/03\/anya-lanya-karkoto-e1697539604334.jpg\",\"contentUrl\":\"https:\/\/vintageworld.hu\/wp-content\/uploads\/2025\/03\/anya-lanya-karkoto-e1697539604334.jpg\",\"width\":599,\"height\":599,\"caption\":\"anya-l\u00e1nya r\u00f3zsakvarc kark\u00f6t\u0151 szett\"},{\"@type\":\"BreadcrumbList\",\"@id\":\"https:\/\/vintageworld.hu\/en\/webshop\/mom-and-daughter-bracelet-set\/#breadcrumb\",\"itemListElement\":[{\"@type\":\"ListItem\",\"position\":1,\"name\":\"Kezd\u0151lap\",\"item\":\"https:\/\/vintageworld.hu\/en\/\"},{\"@type\":\"ListItem\",\"position\":2,\"name\":\"Shop\",\"item\":\"https:\/\/vintageworld.hu\/shop\/\"},{\"@type\":\"ListItem\",\"position\":3,\"name\":\"Mom and Daughter bracelet set\"}]},{\"@type\":\"WebSite\",\"@id\":\"https:\/\/vintageworld.hu\/#website\",\"url\":\"https:\/\/vintageworld.hu\/\",\"name\":\"Vintage World\",\"description\":\"K\u00e1v\u00e9, reggeli, vir\u00e1g, web\u00e1ruh\u00e1z\",\"publisher\":{\"@id\":\"https:\/\/vintageworld.hu\/#organization\"},\"potentialAction\":[{\"@type\":\"SearchAction\",\"target\":{\"@type\":\"EntryPoint\",\"urlTemplate\":\"https:\/\/vintageworld.hu\/?s={search_term_string}\"},\"query-input\":{\"@type\":\"PropertyValueSpecification\",\"valueRequired\":true,\"valueName\":\"search_term_string\"}}],\"inLanguage\":\"en-US\"},{\"@type\":\"Organization\",\"@id\":\"https:\/\/vintageworld.hu\/#organization\",\"name\":\"Vintage World\",\"url\":\"https:\/\/vintageworld.hu\/\",\"logo\":{\"@type\":\"ImageObject\",\"inLanguage\":\"en-US\",\"@id\":\"https:\/\/vintageworld.hu\/#\/schema\/logo\/image\/\",\"url\":\"https:\/\/vintageworld.hu\/wp-content\/uploads\/2025\/03\/site-logo.png\",\"contentUrl\":\"https:\/\/vintageworld.hu\/wp-content\/uploads\/2025\/03\/site-logo.png\",\"width\":301,\"height\":89,\"caption\":\"Vintage World\"},\"image\":{\"@id\":\"https:\/\/vintageworld.hu\/#\/schema\/logo\/image\/\"}}]}<\/script>\n<!-- \/ Yoast SEO plugin. -->","yoast_head_json":{"title":"Mom and Daughter bracelet set - Vintage World","robots":{"index":"index","follow":"follow","max-snippet":"max-snippet:-1","max-image-preview":"max-image-preview:large","max-video-preview":"max-video-preview:-1"},"canonical":"https:\/\/vintageworld.hu\/en\/webshop\/mom-and-daughter-bracelet-set\/","og_locale":"en_US","og_type":"article","og_title":"Mom and Daughter bracelet set - Vintage World","og_description":"Mom and Daughter bracelet set The bracelet was made of rose quartz mineral. &nbsp; Spiritual effect of the rose quartz: Rose quartz is the most outstanding stone of the heart chakra. It helps to get to know ourselves, increase our self-confidence ...","og_url":"https:\/\/vintageworld.hu\/en\/webshop\/mom-and-daughter-bracelet-set\/","og_site_name":"Vintage World","article_modified_time":"2025-04-15T16:46:06+00:00","og_image":[{"width":599,"height":599,"url":"https:\/\/vintageworld.hu\/wp-content\/uploads\/2025\/03\/anya-lanya-karkoto-e1697539604334.jpg","type":"image\/jpeg"}],"twitter_card":"summary_large_image","twitter_misc":{"Est. reading time":"2 minutes"},"schema":{"@context":"https:\/\/schema.org","@graph":[{"@type":"WebPage","@id":"https:\/\/vintageworld.hu\/en\/webshop\/mom-and-daughter-bracelet-set\/","url":"https:\/\/vintageworld.hu\/en\/webshop\/mom-and-daughter-bracelet-set\/","name":"Mom and Daughter bracelet set - Vintage World","isPartOf":{"@id":"https:\/\/vintageworld.hu\/#website"},"primaryImageOfPage":{"@id":"https:\/\/vintageworld.hu\/en\/webshop\/mom-and-daughter-bracelet-set\/#primaryimage"},"image":{"@id":"https:\/\/vintageworld.hu\/en\/webshop\/mom-and-daughter-bracelet-set\/#primaryimage"},"thumbnailUrl":"https:\/\/vintageworld.hu\/wp-content\/uploads\/2025\/03\/anya-lanya-karkoto-e1697539604334.jpg","datePublished":"2022-04-13T10:10:49+00:00","dateModified":"2025-04-15T16:46:06+00:00","breadcrumb":{"@id":"https:\/\/vintageworld.hu\/en\/webshop\/mom-and-daughter-bracelet-set\/#breadcrumb"},"inLanguage":"en-US","potentialAction":[{"@type":"ReadAction","target":["https:\/\/vintageworld.hu\/en\/webshop\/mom-and-daughter-bracelet-set\/"]}]},{"@type":"ImageObject","inLanguage":"en-US","@id":"https:\/\/vintageworld.hu\/en\/webshop\/mom-and-daughter-bracelet-set\/#primaryimage","url":"https:\/\/vintageworld.hu\/wp-content\/uploads\/2025\/03\/anya-lanya-karkoto-e1697539604334.jpg","contentUrl":"https:\/\/vintageworld.hu\/wp-content\/uploads\/2025\/03\/anya-lanya-karkoto-e1697539604334.jpg","width":599,"height":599,"caption":"anya-l\u00e1nya r\u00f3zsakvarc kark\u00f6t\u0151 szett"},{"@type":"BreadcrumbList","@id":"https:\/\/vintageworld.hu\/en\/webshop\/mom-and-daughter-bracelet-set\/#breadcrumb","itemListElement":[{"@type":"ListItem","position":1,"name":"Kezd\u0151lap","item":"https:\/\/vintageworld.hu\/en\/"},{"@type":"ListItem","position":2,"name":"Shop","item":"https:\/\/vintageworld.hu\/shop\/"},{"@type":"ListItem","position":3,"name":"Mom and Daughter bracelet set"}]},{"@type":"WebSite","@id":"https:\/\/vintageworld.hu\/#website","url":"https:\/\/vintageworld.hu\/","name":"Vintage World","description":"K\u00e1v\u00e9, reggeli, vir\u00e1g, web\u00e1ruh\u00e1z","publisher":{"@id":"https:\/\/vintageworld.hu\/#organization"},"potentialAction":[{"@type":"SearchAction","target":{"@type":"EntryPoint","urlTemplate":"https:\/\/vintageworld.hu\/?s={search_term_string}"},"query-input":{"@type":"PropertyValueSpecification","valueRequired":true,"valueName":"search_term_string"}}],"inLanguage":"en-US"},{"@type":"Organization","@id":"https:\/\/vintageworld.hu\/#organization","name":"Vintage World","url":"https:\/\/vintageworld.hu\/","logo":{"@type":"ImageObject","inLanguage":"en-US","@id":"https:\/\/vintageworld.hu\/#\/schema\/logo\/image\/","url":"https:\/\/vintageworld.hu\/wp-content\/uploads\/2025\/03\/site-logo.png","contentUrl":"https:\/\/vintageworld.hu\/wp-content\/uploads\/2025\/03\/site-logo.png","width":301,"height":89,"caption":"Vintage World"},"image":{"@id":"https:\/\/vintageworld.hu\/#\/schema\/logo\/image\/"}}]}},"_links":{"self":[{"href":"https:\/\/vintageworld.hu\/en\/wp-json\/wp\/v2\/product\/9262","targetHints":{"allow":["GET"]}}],"collection":[{"href":"https:\/\/vintageworld.hu\/en\/wp-json\/wp\/v2\/product"}],"about":[{"href":"https:\/\/vintageworld.hu\/en\/wp-json\/wp\/v2\/types\/product"}],"version-history":[{"count":0,"href":"https:\/\/vintageworld.hu\/en\/wp-json\/wp\/v2\/product\/9262\/revisions"}],"wp:featuredmedia":[{"embeddable":true,"href":"https:\/\/vintageworld.hu\/en\/wp-json\/wp\/v2\/media\/5538"}],"wp:attachment":[{"href":"https:\/\/vintageworld.hu\/en\/wp-json\/wp\/v2\/media?parent=9262"}],"wp:term":[{"taxonomy":"brand","embeddable":true,"href":"https:\/\/vintageworld.hu\/en\/wp-json\/wp\/v2\/etheme_brands?post=9262"},{"taxonomy":"product_brand","embeddable":true,"href":"https:\/\/vintageworld.hu\/en\/wp-json\/wp\/v2\/product_brand?post=9262"},{"taxonomy":"product_cat","embeddable":true,"href":"https:\/\/vintageworld.hu\/en\/wp-json\/wp\/v2\/product_cat?post=9262"},{"taxonomy":"product_tag","embeddable":true,"href":"https:\/\/vintageworld.hu\/en\/wp-json\/wp\/v2\/product_tag?post=9262"}],"curies":[{"name":"wp","href":"https:\/\/api.w.org\/{rel}","templated":true}]}}