{"id":9257,"date":"2022-04-13T12:02:08","date_gmt":"2022-04-13T10:02:08","guid":{"rendered":"https:\/\/vintageworld.hu\/termek\/glamorous-light-2\/"},"modified":"2025-04-15T18:46:06","modified_gmt":"2025-04-15T16:46:06","slug":"glamorous-light-2","status":"publish","type":"product","link":"https:\/\/vintageworld.hu\/en\/webshop\/glamorous-light-2\/","title":{"rendered":"Glamorous Light"},"content":{"rendered":"<h4><em>Glamorous Light pyrite bracelet.<\/em><\/h4>\n<p>&nbsp;<\/p>\n<p>One of the 12 master healers.<\/p>\n<p>Acting like a strong shield it absorbing negative energies and providing happiness to its owner.<\/p>\n<p>Also, it has a great detoxifying effect.<\/p>\n<p>It is also called the stone of self-knowledge since it helps us to express ourselves while helping to have a honest and direct personality.<\/p>\n<p>Avoid having a long time connection with your skin, it is better to use it just periodically.<\/p>\n<p>To strengthen its healing energy keep your mineral accessories in a silk bag, but be aware that it needs to be cleaned frequently as well!<\/p>\n<p>Pyrite, the mineral that is also known as &#8216;the gold of fools&#8217;, is actually a chert. It used to be an excellent tool to starting fires and since the rock itself was believed to contain fire too, people also worn it as magical amulet believing in its extraordinary healing effect.<\/p>\n<p>&nbsp;<\/p>\n<pre><em>Wishing you all powerful and energy-filled moments with you new jewels.<\/em><\/pre>\n<p>&nbsp;<\/p>\n<p>The gift is such a lovely way to express our care to our loved ones. Perfect present for birthdays, memorable events, farewell ceremonies or other special occasions.<\/p>\n<p>&nbsp;<\/p>\n<p><strong>Holistic healing abilities mentioned above never replace but can help medical treatments. NaYa mineral jewelleries are not for curing illnesses, using them for phisycal or mental healing is the decision of the customer only we can not take any responsibility for the fact that.<\/strong><\/p>\n<p>&nbsp;<\/p>\n<p><strong>NaYa accessories are shipped in classy velvet jewellery bags. It is also possible to choose our elegant luxury paper boxes that you can add to your order. Select your favorite boxes here.<\/strong><\/p>\n<p>&nbsp;<\/p>\n<p><strong>Source:<\/strong><\/p>\n<ul>\n<li>\u00a0Judy Hall\u2019s Crystal Companion<\/li>\n<li>Judy Hall: Crystal Bible<\/li>\n<li>Dr. Csomai Zita: Gy\u00f3gy\u00edt\u00f3 krist\u00e1lyok<\/li>\n<\/ul>\n","protected":false},"excerpt":{"rendered":"<p>Glamorous Light pyrite bracelet. &nbsp; One of the 12 master healers. Acting like a strong shield it absorbing negative energies and providing happiness to its owner. Also, it has a great detoxifying effect. It is also called the stone of self-kno&#8230;<\/p>\n","protected":false},"featured_media":5535,"template":"","meta":[],"etheme_brands":[],"product_brand":[],"product_cat":[645,803],"product_tag":[],"class_list":{"0":"post-9257","1":"product","2":"type-product","3":"status-publish","4":"has-post-thumbnail","6":"product_cat-naya-mineral-jewelry","7":"product_cat-naya-mineral-jewelry-en","9":"first","10":"instock","11":"sale","12":"taxable","13":"shipping-taxable","14":"purchasable","15":"product-type-simple"},"exclude_global_add_ons":[],"addons":[],"yoast_head":"<!-- This site is optimized with the Yoast SEO plugin v27.0 - https:\/\/yoast.com\/product\/yoast-seo-wordpress\/ -->\n<title>Glamorous Light - Vintage World<\/title>\n<meta name=\"robots\" content=\"index, follow, max-snippet:-1, max-image-preview:large, max-video-preview:-1\" \/>\n<link rel=\"canonical\" href=\"https:\/\/vintageworld.hu\/en\/webshop\/glamorous-light-2\/\" \/>\n<meta property=\"og:locale\" content=\"en_US\" \/>\n<meta property=\"og:type\" content=\"article\" \/>\n<meta property=\"og:title\" content=\"Glamorous Light - Vintage World\" \/>\n<meta property=\"og:description\" content=\"Glamorous Light pyrite bracelet. &nbsp; One of the 12 master healers. Acting like a strong shield it absorbing negative energies and providing happiness to its owner. Also, it has a great detoxifying effect. It is also called the stone of self-kno...\" \/>\n<meta property=\"og:url\" content=\"https:\/\/vintageworld.hu\/en\/webshop\/glamorous-light-2\/\" \/>\n<meta property=\"og:site_name\" content=\"Vintage World\" \/>\n<meta property=\"article:modified_time\" content=\"2025-04-15T16:46:06+00:00\" \/>\n<meta property=\"og:image\" content=\"https:\/\/vintageworld.hu\/wp-content\/uploads\/2025\/03\/IMG_6190.jpg\" \/>\n\t<meta property=\"og:image:width\" content=\"600\" \/>\n\t<meta property=\"og:image:height\" content=\"601\" \/>\n\t<meta property=\"og:image:type\" content=\"image\/jpeg\" \/>\n<meta name=\"twitter:card\" content=\"summary_large_image\" \/>\n<meta name=\"twitter:label1\" content=\"Est. reading time\" \/>\n\t<meta name=\"twitter:data1\" content=\"1 minute\" \/>\n<script type=\"application\/ld+json\" class=\"yoast-schema-graph\">{\"@context\":\"https:\/\/schema.org\",\"@graph\":[{\"@type\":\"WebPage\",\"@id\":\"https:\/\/vintageworld.hu\/en\/webshop\/glamorous-light-2\/\",\"url\":\"https:\/\/vintageworld.hu\/en\/webshop\/glamorous-light-2\/\",\"name\":\"Glamorous Light - Vintage World\",\"isPartOf\":{\"@id\":\"https:\/\/vintageworld.hu\/#website\"},\"primaryImageOfPage\":{\"@id\":\"https:\/\/vintageworld.hu\/en\/webshop\/glamorous-light-2\/#primaryimage\"},\"image\":{\"@id\":\"https:\/\/vintageworld.hu\/en\/webshop\/glamorous-light-2\/#primaryimage\"},\"thumbnailUrl\":\"https:\/\/vintageworld.hu\/wp-content\/uploads\/2025\/03\/IMG_6190.jpg\",\"datePublished\":\"2022-04-13T10:02:08+00:00\",\"dateModified\":\"2025-04-15T16:46:06+00:00\",\"breadcrumb\":{\"@id\":\"https:\/\/vintageworld.hu\/en\/webshop\/glamorous-light-2\/#breadcrumb\"},\"inLanguage\":\"en-US\",\"potentialAction\":[{\"@type\":\"ReadAction\",\"target\":[\"https:\/\/vintageworld.hu\/en\/webshop\/glamorous-light-2\/\"]}]},{\"@type\":\"ImageObject\",\"inLanguage\":\"en-US\",\"@id\":\"https:\/\/vintageworld.hu\/en\/webshop\/glamorous-light-2\/#primaryimage\",\"url\":\"https:\/\/vintageworld.hu\/wp-content\/uploads\/2025\/03\/IMG_6190.jpg\",\"contentUrl\":\"https:\/\/vintageworld.hu\/wp-content\/uploads\/2025\/03\/IMG_6190.jpg\",\"width\":600,\"height\":601,\"caption\":\"IMG_6190\"},{\"@type\":\"BreadcrumbList\",\"@id\":\"https:\/\/vintageworld.hu\/en\/webshop\/glamorous-light-2\/#breadcrumb\",\"itemListElement\":[{\"@type\":\"ListItem\",\"position\":1,\"name\":\"Kezd\u0151lap\",\"item\":\"https:\/\/vintageworld.hu\/en\/\"},{\"@type\":\"ListItem\",\"position\":2,\"name\":\"Shop\",\"item\":\"https:\/\/vintageworld.hu\/shop\/\"},{\"@type\":\"ListItem\",\"position\":3,\"name\":\"Glamorous Light\"}]},{\"@type\":\"WebSite\",\"@id\":\"https:\/\/vintageworld.hu\/#website\",\"url\":\"https:\/\/vintageworld.hu\/\",\"name\":\"Vintage World\",\"description\":\"K\u00e1v\u00e9, reggeli, vir\u00e1g, web\u00e1ruh\u00e1z\",\"publisher\":{\"@id\":\"https:\/\/vintageworld.hu\/#organization\"},\"potentialAction\":[{\"@type\":\"SearchAction\",\"target\":{\"@type\":\"EntryPoint\",\"urlTemplate\":\"https:\/\/vintageworld.hu\/?s={search_term_string}\"},\"query-input\":{\"@type\":\"PropertyValueSpecification\",\"valueRequired\":true,\"valueName\":\"search_term_string\"}}],\"inLanguage\":\"en-US\"},{\"@type\":\"Organization\",\"@id\":\"https:\/\/vintageworld.hu\/#organization\",\"name\":\"Vintage World\",\"url\":\"https:\/\/vintageworld.hu\/\",\"logo\":{\"@type\":\"ImageObject\",\"inLanguage\":\"en-US\",\"@id\":\"https:\/\/vintageworld.hu\/#\/schema\/logo\/image\/\",\"url\":\"https:\/\/vintageworld.hu\/wp-content\/uploads\/2025\/03\/site-logo.png\",\"contentUrl\":\"https:\/\/vintageworld.hu\/wp-content\/uploads\/2025\/03\/site-logo.png\",\"width\":301,\"height\":89,\"caption\":\"Vintage World\"},\"image\":{\"@id\":\"https:\/\/vintageworld.hu\/#\/schema\/logo\/image\/\"}}]}<\/script>\n<!-- \/ Yoast SEO plugin. -->","yoast_head_json":{"title":"Glamorous Light - Vintage World","robots":{"index":"index","follow":"follow","max-snippet":"max-snippet:-1","max-image-preview":"max-image-preview:large","max-video-preview":"max-video-preview:-1"},"canonical":"https:\/\/vintageworld.hu\/en\/webshop\/glamorous-light-2\/","og_locale":"en_US","og_type":"article","og_title":"Glamorous Light - Vintage World","og_description":"Glamorous Light pyrite bracelet. &nbsp; One of the 12 master healers. Acting like a strong shield it absorbing negative energies and providing happiness to its owner. Also, it has a great detoxifying effect. It is also called the stone of self-kno...","og_url":"https:\/\/vintageworld.hu\/en\/webshop\/glamorous-light-2\/","og_site_name":"Vintage World","article_modified_time":"2025-04-15T16:46:06+00:00","og_image":[{"width":600,"height":601,"url":"https:\/\/vintageworld.hu\/wp-content\/uploads\/2025\/03\/IMG_6190.jpg","type":"image\/jpeg"}],"twitter_card":"summary_large_image","twitter_misc":{"Est. reading time":"1 minute"},"schema":{"@context":"https:\/\/schema.org","@graph":[{"@type":"WebPage","@id":"https:\/\/vintageworld.hu\/en\/webshop\/glamorous-light-2\/","url":"https:\/\/vintageworld.hu\/en\/webshop\/glamorous-light-2\/","name":"Glamorous Light - Vintage World","isPartOf":{"@id":"https:\/\/vintageworld.hu\/#website"},"primaryImageOfPage":{"@id":"https:\/\/vintageworld.hu\/en\/webshop\/glamorous-light-2\/#primaryimage"},"image":{"@id":"https:\/\/vintageworld.hu\/en\/webshop\/glamorous-light-2\/#primaryimage"},"thumbnailUrl":"https:\/\/vintageworld.hu\/wp-content\/uploads\/2025\/03\/IMG_6190.jpg","datePublished":"2022-04-13T10:02:08+00:00","dateModified":"2025-04-15T16:46:06+00:00","breadcrumb":{"@id":"https:\/\/vintageworld.hu\/en\/webshop\/glamorous-light-2\/#breadcrumb"},"inLanguage":"en-US","potentialAction":[{"@type":"ReadAction","target":["https:\/\/vintageworld.hu\/en\/webshop\/glamorous-light-2\/"]}]},{"@type":"ImageObject","inLanguage":"en-US","@id":"https:\/\/vintageworld.hu\/en\/webshop\/glamorous-light-2\/#primaryimage","url":"https:\/\/vintageworld.hu\/wp-content\/uploads\/2025\/03\/IMG_6190.jpg","contentUrl":"https:\/\/vintageworld.hu\/wp-content\/uploads\/2025\/03\/IMG_6190.jpg","width":600,"height":601,"caption":"IMG_6190"},{"@type":"BreadcrumbList","@id":"https:\/\/vintageworld.hu\/en\/webshop\/glamorous-light-2\/#breadcrumb","itemListElement":[{"@type":"ListItem","position":1,"name":"Kezd\u0151lap","item":"https:\/\/vintageworld.hu\/en\/"},{"@type":"ListItem","position":2,"name":"Shop","item":"https:\/\/vintageworld.hu\/shop\/"},{"@type":"ListItem","position":3,"name":"Glamorous Light"}]},{"@type":"WebSite","@id":"https:\/\/vintageworld.hu\/#website","url":"https:\/\/vintageworld.hu\/","name":"Vintage World","description":"K\u00e1v\u00e9, reggeli, vir\u00e1g, web\u00e1ruh\u00e1z","publisher":{"@id":"https:\/\/vintageworld.hu\/#organization"},"potentialAction":[{"@type":"SearchAction","target":{"@type":"EntryPoint","urlTemplate":"https:\/\/vintageworld.hu\/?s={search_term_string}"},"query-input":{"@type":"PropertyValueSpecification","valueRequired":true,"valueName":"search_term_string"}}],"inLanguage":"en-US"},{"@type":"Organization","@id":"https:\/\/vintageworld.hu\/#organization","name":"Vintage World","url":"https:\/\/vintageworld.hu\/","logo":{"@type":"ImageObject","inLanguage":"en-US","@id":"https:\/\/vintageworld.hu\/#\/schema\/logo\/image\/","url":"https:\/\/vintageworld.hu\/wp-content\/uploads\/2025\/03\/site-logo.png","contentUrl":"https:\/\/vintageworld.hu\/wp-content\/uploads\/2025\/03\/site-logo.png","width":301,"height":89,"caption":"Vintage World"},"image":{"@id":"https:\/\/vintageworld.hu\/#\/schema\/logo\/image\/"}}]}},"_links":{"self":[{"href":"https:\/\/vintageworld.hu\/en\/wp-json\/wp\/v2\/product\/9257","targetHints":{"allow":["GET"]}}],"collection":[{"href":"https:\/\/vintageworld.hu\/en\/wp-json\/wp\/v2\/product"}],"about":[{"href":"https:\/\/vintageworld.hu\/en\/wp-json\/wp\/v2\/types\/product"}],"version-history":[{"count":0,"href":"https:\/\/vintageworld.hu\/en\/wp-json\/wp\/v2\/product\/9257\/revisions"}],"wp:featuredmedia":[{"embeddable":true,"href":"https:\/\/vintageworld.hu\/en\/wp-json\/wp\/v2\/media\/5535"}],"wp:attachment":[{"href":"https:\/\/vintageworld.hu\/en\/wp-json\/wp\/v2\/media?parent=9257"}],"wp:term":[{"taxonomy":"brand","embeddable":true,"href":"https:\/\/vintageworld.hu\/en\/wp-json\/wp\/v2\/etheme_brands?post=9257"},{"taxonomy":"product_brand","embeddable":true,"href":"https:\/\/vintageworld.hu\/en\/wp-json\/wp\/v2\/product_brand?post=9257"},{"taxonomy":"product_cat","embeddable":true,"href":"https:\/\/vintageworld.hu\/en\/wp-json\/wp\/v2\/product_cat?post=9257"},{"taxonomy":"product_tag","embeddable":true,"href":"https:\/\/vintageworld.hu\/en\/wp-json\/wp\/v2\/product_tag?post=9257"}],"curies":[{"name":"wp","href":"https:\/\/api.w.org\/{rel}","templated":true}]}}