{"id":9227,"date":"2022-04-13T10:57:37","date_gmt":"2022-04-13T08:57:37","guid":{"rendered":"https:\/\/vintageworld.hu\/termek\/black-pearl-bracelet-for-couples\/"},"modified":"2025-04-15T18:46:07","modified_gmt":"2025-04-15T16:46:07","slug":"black-pearl-bracelet-for-couples","status":"publish","type":"product","link":"https:\/\/vintageworld.hu\/en\/webshop\/black-pearl-bracelet-for-couples\/","title":{"rendered":"Black Pearl &#8211; bracelet for couples"},"content":{"rendered":"<h4><em>Black Pearl onyx bracelet for couples.<\/em><\/h4>\n<p>&nbsp;<\/p>\n<p><strong>The power of onyx:<\/strong><\/p>\n<p>Onyx is a stone for inner strenght giving us the power of moving on. Help us to reach our goals, create a feeling of security, relieve impressibility.<\/p>\n<p>Believed to bring strength in all forms, onyx is considered beneficial for the brain, helps to decrease pain, good for the ears and cures ear pain.<\/p>\n<p>Believed to fix the immune system too.<\/p>\n<p>&nbsp;<\/p>\n<pre><em>Wishing you all powerful and energy-filled moments with you new jewels.<\/em><\/pre>\n<p>&nbsp;<\/p>\n<p><span data-sheets-value=\"{&quot;1&quot;:2,&quot;2&quot;:&quot;The gift is such a lovely way to express our care to our loved ones. Perfect present for birthdays, memorable events, farewell ceremonies or other special occasions. &quot;}\" data-sheets-userformat=\"{&quot;2&quot;:14785,&quot;3&quot;:{&quot;1&quot;:0,&quot;3&quot;:1},&quot;9&quot;:1,&quot;10&quot;:1,&quot;11&quot;:4,&quot;14&quot;:{&quot;1&quot;:3,&quot;3&quot;:1},&quot;15&quot;:&quot;Times New Roman&quot;,&quot;16&quot;:12}\">The gift is such a lovely way to express our care to our loved ones. Perfect present for birthdays, memorable events, farewell ceremonies or other special occasions.<\/span><\/p>\n<p>&nbsp;<\/p>\n<p><strong>Holistic healing abilities mentioned above never replace but can help medical treatments. NaYa mineral jewelleries are not for curing illnesses, using them for phisycal or mental healing is the decision of the customer only we can not take any responsibility for the fact that.<\/strong><\/p>\n<p>&nbsp;<\/p>\n<p><strong>NaYa accessories are shipped in classy velvet jewellery bags. It is also possible to choose our elegant luxury paper boxes that you can add to your order. Select your favorite boxes here.<\/strong><\/p>\n<p>&nbsp;<\/p>\n<p><strong>Source:<\/strong><\/p>\n<ul>\n<li>\u00a0Judy Hall\u2019s Crystal Companion<\/li>\n<li>Judy Hall: Crystal Bible<\/li>\n<li>Dr. Csomai Zita: Gy\u00f3gy\u00edt\u00f3 krist\u00e1lyok<\/li>\n<\/ul>\n","protected":false},"excerpt":{"rendered":"<p>Black Pearl onyx bracelet for couples. &nbsp; The power of onyx: Onyx is a stone for inner strenght giving us the power of moving on. Help us to reach our goals, create a feeling of security, relieve impressibility. Believed to bring strength in a&#8230;<\/p>\n","protected":false},"featured_media":5503,"template":"","meta":[],"etheme_brands":[],"product_brand":[],"product_cat":[645,803],"product_tag":[],"class_list":{"0":"post-9227","1":"product","2":"type-product","3":"status-publish","4":"has-post-thumbnail","6":"product_cat-naya-mineral-jewelry","7":"product_cat-naya-mineral-jewelry-en","9":"first","10":"instock","11":"sale","12":"taxable","13":"shipping-taxable","14":"purchasable","15":"product-type-simple"},"exclude_global_add_ons":[],"addons":[],"yoast_head":"<!-- This site is optimized with the Yoast SEO plugin v27.0 - https:\/\/yoast.com\/product\/yoast-seo-wordpress\/ -->\n<title>Black Pearl - bracelet for couples - Vintage World<\/title>\n<meta name=\"robots\" content=\"index, follow, max-snippet:-1, max-image-preview:large, max-video-preview:-1\" \/>\n<link rel=\"canonical\" href=\"https:\/\/vintageworld.hu\/en\/webshop\/black-pearl-bracelet-for-couples\/\" \/>\n<meta property=\"og:locale\" content=\"en_US\" \/>\n<meta property=\"og:type\" content=\"article\" \/>\n<meta property=\"og:title\" content=\"Black Pearl - bracelet for couples - Vintage World\" \/>\n<meta property=\"og:description\" content=\"Black Pearl onyx bracelet for couples. &nbsp; The power of onyx: Onyx is a stone for inner strenght giving us the power of moving on. Help us to reach our goals, create a feeling of security, relieve impressibility. Believed to bring strength in a...\" \/>\n<meta property=\"og:url\" content=\"https:\/\/vintageworld.hu\/en\/webshop\/black-pearl-bracelet-for-couples\/\" \/>\n<meta property=\"og:site_name\" content=\"Vintage World\" \/>\n<meta property=\"article:modified_time\" content=\"2025-04-15T16:46:07+00:00\" \/>\n<meta property=\"og:image\" content=\"https:\/\/vintageworld.hu\/wp-content\/uploads\/2025\/03\/onix-2.jpg\" \/>\n\t<meta property=\"og:image:width\" content=\"600\" \/>\n\t<meta property=\"og:image:height\" content=\"600\" \/>\n\t<meta property=\"og:image:type\" content=\"image\/jpeg\" \/>\n<meta name=\"twitter:card\" content=\"summary_large_image\" \/>\n<meta name=\"twitter:label1\" content=\"Est. reading time\" \/>\n\t<meta name=\"twitter:data1\" content=\"1 minute\" \/>\n<script type=\"application\/ld+json\" class=\"yoast-schema-graph\">{\"@context\":\"https:\/\/schema.org\",\"@graph\":[{\"@type\":\"WebPage\",\"@id\":\"https:\/\/vintageworld.hu\/en\/webshop\/black-pearl-bracelet-for-couples\/\",\"url\":\"https:\/\/vintageworld.hu\/en\/webshop\/black-pearl-bracelet-for-couples\/\",\"name\":\"Black Pearl - bracelet for couples - Vintage World\",\"isPartOf\":{\"@id\":\"https:\/\/vintageworld.hu\/#website\"},\"primaryImageOfPage\":{\"@id\":\"https:\/\/vintageworld.hu\/en\/webshop\/black-pearl-bracelet-for-couples\/#primaryimage\"},\"image\":{\"@id\":\"https:\/\/vintageworld.hu\/en\/webshop\/black-pearl-bracelet-for-couples\/#primaryimage\"},\"thumbnailUrl\":\"https:\/\/vintageworld.hu\/wp-content\/uploads\/2025\/03\/onix-2.jpg\",\"datePublished\":\"2022-04-13T08:57:37+00:00\",\"dateModified\":\"2025-04-15T16:46:07+00:00\",\"breadcrumb\":{\"@id\":\"https:\/\/vintageworld.hu\/en\/webshop\/black-pearl-bracelet-for-couples\/#breadcrumb\"},\"inLanguage\":\"en-US\",\"potentialAction\":[{\"@type\":\"ReadAction\",\"target\":[\"https:\/\/vintageworld.hu\/en\/webshop\/black-pearl-bracelet-for-couples\/\"]}]},{\"@type\":\"ImageObject\",\"inLanguage\":\"en-US\",\"@id\":\"https:\/\/vintageworld.hu\/en\/webshop\/black-pearl-bracelet-for-couples\/#primaryimage\",\"url\":\"https:\/\/vintageworld.hu\/wp-content\/uploads\/2025\/03\/onix-2.jpg\",\"contentUrl\":\"https:\/\/vintageworld.hu\/wp-content\/uploads\/2025\/03\/onix-2.jpg\",\"width\":600,\"height\":600,\"caption\":\"\u00f3nix_2\"},{\"@type\":\"BreadcrumbList\",\"@id\":\"https:\/\/vintageworld.hu\/en\/webshop\/black-pearl-bracelet-for-couples\/#breadcrumb\",\"itemListElement\":[{\"@type\":\"ListItem\",\"position\":1,\"name\":\"Kezd\u0151lap\",\"item\":\"https:\/\/vintageworld.hu\/en\/\"},{\"@type\":\"ListItem\",\"position\":2,\"name\":\"Shop\",\"item\":\"https:\/\/vintageworld.hu\/shop\/\"},{\"@type\":\"ListItem\",\"position\":3,\"name\":\"Black Pearl &#8211; bracelet for couples\"}]},{\"@type\":\"WebSite\",\"@id\":\"https:\/\/vintageworld.hu\/#website\",\"url\":\"https:\/\/vintageworld.hu\/\",\"name\":\"Vintage World\",\"description\":\"K\u00e1v\u00e9, reggeli, vir\u00e1g, web\u00e1ruh\u00e1z\",\"publisher\":{\"@id\":\"https:\/\/vintageworld.hu\/#organization\"},\"potentialAction\":[{\"@type\":\"SearchAction\",\"target\":{\"@type\":\"EntryPoint\",\"urlTemplate\":\"https:\/\/vintageworld.hu\/?s={search_term_string}\"},\"query-input\":{\"@type\":\"PropertyValueSpecification\",\"valueRequired\":true,\"valueName\":\"search_term_string\"}}],\"inLanguage\":\"en-US\"},{\"@type\":\"Organization\",\"@id\":\"https:\/\/vintageworld.hu\/#organization\",\"name\":\"Vintage World\",\"url\":\"https:\/\/vintageworld.hu\/\",\"logo\":{\"@type\":\"ImageObject\",\"inLanguage\":\"en-US\",\"@id\":\"https:\/\/vintageworld.hu\/#\/schema\/logo\/image\/\",\"url\":\"https:\/\/vintageworld.hu\/wp-content\/uploads\/2025\/03\/site-logo.png\",\"contentUrl\":\"https:\/\/vintageworld.hu\/wp-content\/uploads\/2025\/03\/site-logo.png\",\"width\":301,\"height\":89,\"caption\":\"Vintage World\"},\"image\":{\"@id\":\"https:\/\/vintageworld.hu\/#\/schema\/logo\/image\/\"}}]}<\/script>\n<!-- \/ Yoast SEO plugin. -->","yoast_head_json":{"title":"Black Pearl - bracelet for couples - Vintage World","robots":{"index":"index","follow":"follow","max-snippet":"max-snippet:-1","max-image-preview":"max-image-preview:large","max-video-preview":"max-video-preview:-1"},"canonical":"https:\/\/vintageworld.hu\/en\/webshop\/black-pearl-bracelet-for-couples\/","og_locale":"en_US","og_type":"article","og_title":"Black Pearl - bracelet for couples - Vintage World","og_description":"Black Pearl onyx bracelet for couples. &nbsp; The power of onyx: Onyx is a stone for inner strenght giving us the power of moving on. Help us to reach our goals, create a feeling of security, relieve impressibility. Believed to bring strength in a...","og_url":"https:\/\/vintageworld.hu\/en\/webshop\/black-pearl-bracelet-for-couples\/","og_site_name":"Vintage World","article_modified_time":"2025-04-15T16:46:07+00:00","og_image":[{"width":600,"height":600,"url":"https:\/\/vintageworld.hu\/wp-content\/uploads\/2025\/03\/onix-2.jpg","type":"image\/jpeg"}],"twitter_card":"summary_large_image","twitter_misc":{"Est. reading time":"1 minute"},"schema":{"@context":"https:\/\/schema.org","@graph":[{"@type":"WebPage","@id":"https:\/\/vintageworld.hu\/en\/webshop\/black-pearl-bracelet-for-couples\/","url":"https:\/\/vintageworld.hu\/en\/webshop\/black-pearl-bracelet-for-couples\/","name":"Black Pearl - bracelet for couples - Vintage World","isPartOf":{"@id":"https:\/\/vintageworld.hu\/#website"},"primaryImageOfPage":{"@id":"https:\/\/vintageworld.hu\/en\/webshop\/black-pearl-bracelet-for-couples\/#primaryimage"},"image":{"@id":"https:\/\/vintageworld.hu\/en\/webshop\/black-pearl-bracelet-for-couples\/#primaryimage"},"thumbnailUrl":"https:\/\/vintageworld.hu\/wp-content\/uploads\/2025\/03\/onix-2.jpg","datePublished":"2022-04-13T08:57:37+00:00","dateModified":"2025-04-15T16:46:07+00:00","breadcrumb":{"@id":"https:\/\/vintageworld.hu\/en\/webshop\/black-pearl-bracelet-for-couples\/#breadcrumb"},"inLanguage":"en-US","potentialAction":[{"@type":"ReadAction","target":["https:\/\/vintageworld.hu\/en\/webshop\/black-pearl-bracelet-for-couples\/"]}]},{"@type":"ImageObject","inLanguage":"en-US","@id":"https:\/\/vintageworld.hu\/en\/webshop\/black-pearl-bracelet-for-couples\/#primaryimage","url":"https:\/\/vintageworld.hu\/wp-content\/uploads\/2025\/03\/onix-2.jpg","contentUrl":"https:\/\/vintageworld.hu\/wp-content\/uploads\/2025\/03\/onix-2.jpg","width":600,"height":600,"caption":"\u00f3nix_2"},{"@type":"BreadcrumbList","@id":"https:\/\/vintageworld.hu\/en\/webshop\/black-pearl-bracelet-for-couples\/#breadcrumb","itemListElement":[{"@type":"ListItem","position":1,"name":"Kezd\u0151lap","item":"https:\/\/vintageworld.hu\/en\/"},{"@type":"ListItem","position":2,"name":"Shop","item":"https:\/\/vintageworld.hu\/shop\/"},{"@type":"ListItem","position":3,"name":"Black Pearl &#8211; bracelet for couples"}]},{"@type":"WebSite","@id":"https:\/\/vintageworld.hu\/#website","url":"https:\/\/vintageworld.hu\/","name":"Vintage World","description":"K\u00e1v\u00e9, reggeli, vir\u00e1g, web\u00e1ruh\u00e1z","publisher":{"@id":"https:\/\/vintageworld.hu\/#organization"},"potentialAction":[{"@type":"SearchAction","target":{"@type":"EntryPoint","urlTemplate":"https:\/\/vintageworld.hu\/?s={search_term_string}"},"query-input":{"@type":"PropertyValueSpecification","valueRequired":true,"valueName":"search_term_string"}}],"inLanguage":"en-US"},{"@type":"Organization","@id":"https:\/\/vintageworld.hu\/#organization","name":"Vintage World","url":"https:\/\/vintageworld.hu\/","logo":{"@type":"ImageObject","inLanguage":"en-US","@id":"https:\/\/vintageworld.hu\/#\/schema\/logo\/image\/","url":"https:\/\/vintageworld.hu\/wp-content\/uploads\/2025\/03\/site-logo.png","contentUrl":"https:\/\/vintageworld.hu\/wp-content\/uploads\/2025\/03\/site-logo.png","width":301,"height":89,"caption":"Vintage World"},"image":{"@id":"https:\/\/vintageworld.hu\/#\/schema\/logo\/image\/"}}]}},"_links":{"self":[{"href":"https:\/\/vintageworld.hu\/en\/wp-json\/wp\/v2\/product\/9227","targetHints":{"allow":["GET"]}}],"collection":[{"href":"https:\/\/vintageworld.hu\/en\/wp-json\/wp\/v2\/product"}],"about":[{"href":"https:\/\/vintageworld.hu\/en\/wp-json\/wp\/v2\/types\/product"}],"version-history":[{"count":0,"href":"https:\/\/vintageworld.hu\/en\/wp-json\/wp\/v2\/product\/9227\/revisions"}],"wp:featuredmedia":[{"embeddable":true,"href":"https:\/\/vintageworld.hu\/en\/wp-json\/wp\/v2\/media\/5503"}],"wp:attachment":[{"href":"https:\/\/vintageworld.hu\/en\/wp-json\/wp\/v2\/media?parent=9227"}],"wp:term":[{"taxonomy":"brand","embeddable":true,"href":"https:\/\/vintageworld.hu\/en\/wp-json\/wp\/v2\/etheme_brands?post=9227"},{"taxonomy":"product_brand","embeddable":true,"href":"https:\/\/vintageworld.hu\/en\/wp-json\/wp\/v2\/product_brand?post=9227"},{"taxonomy":"product_cat","embeddable":true,"href":"https:\/\/vintageworld.hu\/en\/wp-json\/wp\/v2\/product_cat?post=9227"},{"taxonomy":"product_tag","embeddable":true,"href":"https:\/\/vintageworld.hu\/en\/wp-json\/wp\/v2\/product_tag?post=9227"}],"curies":[{"name":"wp","href":"https:\/\/api.w.org\/{rel}","templated":true}]}}