{"id":8795,"date":"2021-11-08T14:10:51","date_gmt":"2021-11-08T13:10:51","guid":{"rendered":"https:\/\/vintageworld.hu\/termek\/rashiel-sister-bracelet\/"},"modified":"2025-04-15T18:46:12","modified_gmt":"2025-04-15T16:46:12","slug":"rashiel-sister-bracelet","status":"publish","type":"product","link":"https:\/\/vintageworld.hu\/en\/webshop\/rashiel-sister-bracelet\/","title":{"rendered":"Rashiel &#8211; sister bracelet"},"content":{"rendered":"<div class=\"woocommerce-product-details__short-description\">\n<h4><em><strong>Rashiel sister angel aura quartz bracelet.<\/strong><\/em><\/h4>\n<\/div>\n<div id=\"tab-description\" class=\"woocommerce-Tabs-panel woocommerce-Tabs-panel--description panel entry-content wc-tab\" role=\"tabpanel\" aria-labelledby=\"tab-title-description\">\n<p>&nbsp;<\/p>\n<p><strong>Angel aura quartz bracelet:<\/strong><\/p>\n<p>This crystal has a great balancing effect on our body and chakra system, helps to reach the perfect harmony of body, spirit and soul and initates the body\u2019s self-healing processes. Angle aura stone can open energy blocks and fill the energy field around us, calm the nervous stystem. The crystal strengthens the power and bravery in us. I may help us to control fears and panic.<\/p>\n<p>On a physical level, rock crystals and angel aura quartz stones have great effects on the entire body: strengthening the immune system, the digestive system, heart functions, also great for thyroid, throat and the nervous system.<\/p>\n<p>&nbsp;<\/p>\n<pre><em>Wishing you all powerful and energy-filled moments with you new jewels.<\/em><\/pre>\n<p>&nbsp;<\/p>\n<p><span data-sheets-value=\"{&quot;1&quot;:2,&quot;2&quot;:&quot;The gift is such a lovely way to express our care to our loved ones. Perfect present for birthdays, memorable events, farewell ceremonies or other special occasions. &quot;}\" data-sheets-userformat=\"{&quot;2&quot;:14785,&quot;3&quot;:{&quot;1&quot;:0,&quot;3&quot;:1},&quot;9&quot;:1,&quot;10&quot;:1,&quot;11&quot;:4,&quot;14&quot;:{&quot;1&quot;:3,&quot;3&quot;:1},&quot;15&quot;:&quot;Times New Roman&quot;,&quot;16&quot;:12}\">The gift is such a lovely way to express our care to our loved ones. Perfect present for birthdays, memorable events, farewell ceremonies or other special occasions.<\/span><\/p>\n<p>&nbsp;<\/p>\n<p><strong>Holistic healing abilities mentioned above never replace but can help medical treatments. NaYa mineral jewelleries are not for curing illnesses, using them for phisycal or mental healing is the decision of the customer only we can not take any responsibility for the fact that.<\/strong><\/p>\n<\/div>\n<p>&nbsp;<\/p>\n<p><strong>NaYa accessories are shipped in classy velvet jewellery bags. It is also possible to choose our elegant luxury paper boxes that you can add to your order. Select your favorite boxes here.<\/strong><\/p>\n<p>&nbsp;<\/p>\n<div id=\"tab-description\" class=\"woocommerce-Tabs-panel woocommerce-Tabs-panel--description panel entry-content wc-tab\" role=\"tabpanel\" aria-labelledby=\"tab-title-description\">\n<p><strong>Source:<\/strong><\/p>\n<ul>\n<li>\u00a0Judy Hall\u2019s Crystal Companion<\/li>\n<li>Judy Hall: Crystal Bible<\/li>\n<li>Dr. Csomai Zita: Gy\u00f3gy\u00edt\u00f3 krist\u00e1lyok<\/li>\n<\/ul>\n<\/div>\n<div class=\"navach navace navaci navacj navacg navack\">\n<div class=\"e cd navafi navkx navdw az ab navafj navkw as r\"><\/div>\n<\/div>\n<p>Follow us on <a href=\"https:\/\/www.facebook.com\/vintageworld.hu\">Facebook<\/a> and <a href=\"https:\/\/www.instagram.com\/vintageworldhu\/\">Instagram<\/a>!<\/p>\n","protected":false},"excerpt":{"rendered":"<p>Rashiel sister angel aura quartz bracelet. &nbsp; Angel aura quartz bracelet: This crystal has a great balancing effect on our body and chakra system, helps to reach the perfect harmony of body, spirit and soul and initates the body\u2019s self-healing&#8230;<\/p>\n","protected":false},"featured_media":5485,"template":"","meta":[],"etheme_brands":[],"product_brand":[],"product_cat":[645,803],"product_tag":[],"class_list":{"0":"post-8795","1":"product","2":"type-product","3":"status-publish","4":"has-post-thumbnail","6":"product_cat-naya-mineral-jewelry","7":"product_cat-naya-mineral-jewelry-en","9":"first","10":"instock","11":"taxable","12":"shipping-taxable","13":"purchasable","14":"product-type-simple"},"exclude_global_add_ons":[],"addons":[],"yoast_head":"<!-- This site is optimized with the Yoast SEO plugin v27.0 - https:\/\/yoast.com\/product\/yoast-seo-wordpress\/ -->\n<title>Rashiel - sister bracelet - Vintage World<\/title>\n<meta name=\"robots\" content=\"index, follow, max-snippet:-1, max-image-preview:large, max-video-preview:-1\" \/>\n<link rel=\"canonical\" href=\"https:\/\/vintageworld.hu\/en\/webshop\/rashiel-sister-bracelet\/\" \/>\n<meta property=\"og:locale\" content=\"en_US\" \/>\n<meta property=\"og:type\" content=\"article\" \/>\n<meta property=\"og:title\" content=\"Rashiel - sister bracelet - Vintage World\" \/>\n<meta property=\"og:description\" content=\"Rashiel sister angel aura quartz bracelet. &nbsp; Angel aura quartz bracelet: This crystal has a great balancing effect on our body and chakra system, helps to reach the perfect harmony of body, spirit and soul and initates the body\u2019s self-healing...\" \/>\n<meta property=\"og:url\" content=\"https:\/\/vintageworld.hu\/en\/webshop\/rashiel-sister-bracelet\/\" \/>\n<meta property=\"og:site_name\" content=\"Vintage World\" \/>\n<meta property=\"article:modified_time\" content=\"2025-04-15T16:46:12+00:00\" \/>\n<meta property=\"og:image\" content=\"https:\/\/vintageworld.hu\/wp-content\/uploads\/2025\/03\/testver-karkoto-e1636380868842.jpg\" \/>\n\t<meta property=\"og:image:width\" content=\"600\" \/>\n\t<meta property=\"og:image:height\" content=\"600\" \/>\n\t<meta property=\"og:image:type\" content=\"image\/jpeg\" \/>\n<meta name=\"twitter:card\" content=\"summary_large_image\" \/>\n<meta name=\"twitter:label1\" content=\"Est. reading time\" \/>\n\t<meta name=\"twitter:data1\" content=\"1 minute\" \/>\n<script type=\"application\/ld+json\" class=\"yoast-schema-graph\">{\"@context\":\"https:\/\/schema.org\",\"@graph\":[{\"@type\":\"WebPage\",\"@id\":\"https:\/\/vintageworld.hu\/en\/webshop\/rashiel-sister-bracelet\/\",\"url\":\"https:\/\/vintageworld.hu\/en\/webshop\/rashiel-sister-bracelet\/\",\"name\":\"Rashiel - sister bracelet - Vintage World\",\"isPartOf\":{\"@id\":\"https:\/\/vintageworld.hu\/#website\"},\"primaryImageOfPage\":{\"@id\":\"https:\/\/vintageworld.hu\/en\/webshop\/rashiel-sister-bracelet\/#primaryimage\"},\"image\":{\"@id\":\"https:\/\/vintageworld.hu\/en\/webshop\/rashiel-sister-bracelet\/#primaryimage\"},\"thumbnailUrl\":\"https:\/\/vintageworld.hu\/wp-content\/uploads\/2025\/03\/testver-karkoto-e1636380868842.jpg\",\"datePublished\":\"2021-11-08T13:10:51+00:00\",\"dateModified\":\"2025-04-15T16:46:12+00:00\",\"breadcrumb\":{\"@id\":\"https:\/\/vintageworld.hu\/en\/webshop\/rashiel-sister-bracelet\/#breadcrumb\"},\"inLanguage\":\"en-US\",\"potentialAction\":[{\"@type\":\"ReadAction\",\"target\":[\"https:\/\/vintageworld.hu\/en\/webshop\/rashiel-sister-bracelet\/\"]}]},{\"@type\":\"ImageObject\",\"inLanguage\":\"en-US\",\"@id\":\"https:\/\/vintageworld.hu\/en\/webshop\/rashiel-sister-bracelet\/#primaryimage\",\"url\":\"https:\/\/vintageworld.hu\/wp-content\/uploads\/2025\/03\/testver-karkoto-e1636380868842.jpg\",\"contentUrl\":\"https:\/\/vintageworld.hu\/wp-content\/uploads\/2025\/03\/testver-karkoto-e1636380868842.jpg\",\"width\":600,\"height\":600,\"caption\":\"testv\u00e9r kark\u00f6t\u0151\"},{\"@type\":\"BreadcrumbList\",\"@id\":\"https:\/\/vintageworld.hu\/en\/webshop\/rashiel-sister-bracelet\/#breadcrumb\",\"itemListElement\":[{\"@type\":\"ListItem\",\"position\":1,\"name\":\"Kezd\u0151lap\",\"item\":\"https:\/\/vintageworld.hu\/en\/\"},{\"@type\":\"ListItem\",\"position\":2,\"name\":\"Shop\",\"item\":\"https:\/\/vintageworld.hu\/shop\/\"},{\"@type\":\"ListItem\",\"position\":3,\"name\":\"Rashiel &#8211; sister bracelet\"}]},{\"@type\":\"WebSite\",\"@id\":\"https:\/\/vintageworld.hu\/#website\",\"url\":\"https:\/\/vintageworld.hu\/\",\"name\":\"Vintage World\",\"description\":\"K\u00e1v\u00e9, reggeli, vir\u00e1g, web\u00e1ruh\u00e1z\",\"publisher\":{\"@id\":\"https:\/\/vintageworld.hu\/#organization\"},\"potentialAction\":[{\"@type\":\"SearchAction\",\"target\":{\"@type\":\"EntryPoint\",\"urlTemplate\":\"https:\/\/vintageworld.hu\/?s={search_term_string}\"},\"query-input\":{\"@type\":\"PropertyValueSpecification\",\"valueRequired\":true,\"valueName\":\"search_term_string\"}}],\"inLanguage\":\"en-US\"},{\"@type\":\"Organization\",\"@id\":\"https:\/\/vintageworld.hu\/#organization\",\"name\":\"Vintage World\",\"url\":\"https:\/\/vintageworld.hu\/\",\"logo\":{\"@type\":\"ImageObject\",\"inLanguage\":\"en-US\",\"@id\":\"https:\/\/vintageworld.hu\/#\/schema\/logo\/image\/\",\"url\":\"https:\/\/vintageworld.hu\/wp-content\/uploads\/2025\/03\/site-logo.png\",\"contentUrl\":\"https:\/\/vintageworld.hu\/wp-content\/uploads\/2025\/03\/site-logo.png\",\"width\":301,\"height\":89,\"caption\":\"Vintage World\"},\"image\":{\"@id\":\"https:\/\/vintageworld.hu\/#\/schema\/logo\/image\/\"}}]}<\/script>\n<!-- \/ Yoast SEO plugin. -->","yoast_head_json":{"title":"Rashiel - sister bracelet - Vintage World","robots":{"index":"index","follow":"follow","max-snippet":"max-snippet:-1","max-image-preview":"max-image-preview:large","max-video-preview":"max-video-preview:-1"},"canonical":"https:\/\/vintageworld.hu\/en\/webshop\/rashiel-sister-bracelet\/","og_locale":"en_US","og_type":"article","og_title":"Rashiel - sister bracelet - Vintage World","og_description":"Rashiel sister angel aura quartz bracelet. &nbsp; Angel aura quartz bracelet: This crystal has a great balancing effect on our body and chakra system, helps to reach the perfect harmony of body, spirit and soul and initates the body\u2019s self-healing...","og_url":"https:\/\/vintageworld.hu\/en\/webshop\/rashiel-sister-bracelet\/","og_site_name":"Vintage World","article_modified_time":"2025-04-15T16:46:12+00:00","og_image":[{"width":600,"height":600,"url":"https:\/\/vintageworld.hu\/wp-content\/uploads\/2025\/03\/testver-karkoto-e1636380868842.jpg","type":"image\/jpeg"}],"twitter_card":"summary_large_image","twitter_misc":{"Est. reading time":"1 minute"},"schema":{"@context":"https:\/\/schema.org","@graph":[{"@type":"WebPage","@id":"https:\/\/vintageworld.hu\/en\/webshop\/rashiel-sister-bracelet\/","url":"https:\/\/vintageworld.hu\/en\/webshop\/rashiel-sister-bracelet\/","name":"Rashiel - sister bracelet - Vintage World","isPartOf":{"@id":"https:\/\/vintageworld.hu\/#website"},"primaryImageOfPage":{"@id":"https:\/\/vintageworld.hu\/en\/webshop\/rashiel-sister-bracelet\/#primaryimage"},"image":{"@id":"https:\/\/vintageworld.hu\/en\/webshop\/rashiel-sister-bracelet\/#primaryimage"},"thumbnailUrl":"https:\/\/vintageworld.hu\/wp-content\/uploads\/2025\/03\/testver-karkoto-e1636380868842.jpg","datePublished":"2021-11-08T13:10:51+00:00","dateModified":"2025-04-15T16:46:12+00:00","breadcrumb":{"@id":"https:\/\/vintageworld.hu\/en\/webshop\/rashiel-sister-bracelet\/#breadcrumb"},"inLanguage":"en-US","potentialAction":[{"@type":"ReadAction","target":["https:\/\/vintageworld.hu\/en\/webshop\/rashiel-sister-bracelet\/"]}]},{"@type":"ImageObject","inLanguage":"en-US","@id":"https:\/\/vintageworld.hu\/en\/webshop\/rashiel-sister-bracelet\/#primaryimage","url":"https:\/\/vintageworld.hu\/wp-content\/uploads\/2025\/03\/testver-karkoto-e1636380868842.jpg","contentUrl":"https:\/\/vintageworld.hu\/wp-content\/uploads\/2025\/03\/testver-karkoto-e1636380868842.jpg","width":600,"height":600,"caption":"testv\u00e9r kark\u00f6t\u0151"},{"@type":"BreadcrumbList","@id":"https:\/\/vintageworld.hu\/en\/webshop\/rashiel-sister-bracelet\/#breadcrumb","itemListElement":[{"@type":"ListItem","position":1,"name":"Kezd\u0151lap","item":"https:\/\/vintageworld.hu\/en\/"},{"@type":"ListItem","position":2,"name":"Shop","item":"https:\/\/vintageworld.hu\/shop\/"},{"@type":"ListItem","position":3,"name":"Rashiel &#8211; sister bracelet"}]},{"@type":"WebSite","@id":"https:\/\/vintageworld.hu\/#website","url":"https:\/\/vintageworld.hu\/","name":"Vintage World","description":"K\u00e1v\u00e9, reggeli, vir\u00e1g, web\u00e1ruh\u00e1z","publisher":{"@id":"https:\/\/vintageworld.hu\/#organization"},"potentialAction":[{"@type":"SearchAction","target":{"@type":"EntryPoint","urlTemplate":"https:\/\/vintageworld.hu\/?s={search_term_string}"},"query-input":{"@type":"PropertyValueSpecification","valueRequired":true,"valueName":"search_term_string"}}],"inLanguage":"en-US"},{"@type":"Organization","@id":"https:\/\/vintageworld.hu\/#organization","name":"Vintage World","url":"https:\/\/vintageworld.hu\/","logo":{"@type":"ImageObject","inLanguage":"en-US","@id":"https:\/\/vintageworld.hu\/#\/schema\/logo\/image\/","url":"https:\/\/vintageworld.hu\/wp-content\/uploads\/2025\/03\/site-logo.png","contentUrl":"https:\/\/vintageworld.hu\/wp-content\/uploads\/2025\/03\/site-logo.png","width":301,"height":89,"caption":"Vintage World"},"image":{"@id":"https:\/\/vintageworld.hu\/#\/schema\/logo\/image\/"}}]}},"_links":{"self":[{"href":"https:\/\/vintageworld.hu\/en\/wp-json\/wp\/v2\/product\/8795","targetHints":{"allow":["GET"]}}],"collection":[{"href":"https:\/\/vintageworld.hu\/en\/wp-json\/wp\/v2\/product"}],"about":[{"href":"https:\/\/vintageworld.hu\/en\/wp-json\/wp\/v2\/types\/product"}],"version-history":[{"count":0,"href":"https:\/\/vintageworld.hu\/en\/wp-json\/wp\/v2\/product\/8795\/revisions"}],"wp:featuredmedia":[{"embeddable":true,"href":"https:\/\/vintageworld.hu\/en\/wp-json\/wp\/v2\/media\/5485"}],"wp:attachment":[{"href":"https:\/\/vintageworld.hu\/en\/wp-json\/wp\/v2\/media?parent=8795"}],"wp:term":[{"taxonomy":"brand","embeddable":true,"href":"https:\/\/vintageworld.hu\/en\/wp-json\/wp\/v2\/etheme_brands?post=8795"},{"taxonomy":"product_brand","embeddable":true,"href":"https:\/\/vintageworld.hu\/en\/wp-json\/wp\/v2\/product_brand?post=8795"},{"taxonomy":"product_cat","embeddable":true,"href":"https:\/\/vintageworld.hu\/en\/wp-json\/wp\/v2\/product_cat?post=8795"},{"taxonomy":"product_tag","embeddable":true,"href":"https:\/\/vintageworld.hu\/en\/wp-json\/wp\/v2\/product_tag?post=8795"}],"curies":[{"name":"wp","href":"https:\/\/api.w.org\/{rel}","templated":true}]}}