{"id":8204,"date":"2021-04-09T07:47:48","date_gmt":"2021-04-09T05:47:48","guid":{"rendered":"https:\/\/vintageworld.hu\/termek\/apple-tree-blossom-handmade-medium-16-pieces-rose-box\/"},"modified":"2025-04-15T20:08:12","modified_gmt":"2025-04-15T18:08:12","slug":"apple-tree-blossom-handmade-medium-16-pieces-rose-box","status":"publish","type":"product","link":"https:\/\/vintageworld.hu\/en\/webshop\/apple-tree-blossom-handmade-medium-16-pieces-rose-box\/","title":{"rendered":"Apple Tree Blossom &#8211; Handmade medium 16 pieces rose box"},"content":{"rendered":"<h2>Apple Tree Blossom &#8211; Handmade medium 16 pieces rose box<\/h2>\n<p>The foam box is made individually and by hand in every process of production. Rose box can be an excellent gift idea for special occasions. Graduation, Mother\u2019s Day, Valentine\u2019s Day and other special events.<\/p>\n<p><strong>What is a foam rose?<\/strong><\/p>\n<p>However, it differs significantly from artificial flowers in the traditional sense. Foam roses are made by a special process, foaming of polyfoam plastic. Thanks to the procedure, the flower heads are very similiar to the live ones. Of course, they can\u2019t lend the scent of roses, but their big advantage over live roses is that they don\u2019t wither in days, retain their beauty for long decades, and the memory of the occasion, the gift.<\/p>\n<p><span class=\"VIiyi\" lang=\"en\"><span class=\"JLqJ4b ChMk0b\" data-language-for-alternatives=\"en\" data-language-to-translate-into=\"hu\" data-phrase-index=\"0\"><strong>Size:<\/strong> 19 x 19 x 10 cm<\/span> <\/span><\/p>\n<p><span class=\"VIiyi\" lang=\"en\"><span class=\"JLqJ4b ChMk0b\" data-language-for-alternatives=\"en\" data-language-to-translate-into=\"hu\" data-phrase-index=\"2\"><strong>Box color:<\/strong> beige<\/span> <\/span><\/p>\n<p><span class=\"VIiyi\" lang=\"en\"><span class=\"JLqJ4b ChMk0b\" data-language-for-alternatives=\"en\" data-language-to-translate-into=\"hu\" data-phrase-index=\"4\"><strong>Ribbon: <\/strong>beige<\/span> <\/span><\/p>\n<p><span class=\"VIiyi\" lang=\"en\"><span class=\"JLqJ4b ChMk0b\" data-language-for-alternatives=\"en\" data-language-to-translate-into=\"hu\" data-phrase-index=\"6\"><strong>Color of rose: <\/strong>green and white<br \/>\n<\/span><\/span><\/p>\n<p><strong>Check our website for the latest products:\u00a0<a href=\"https:\/\/www.facebook.com\/vintageworld.hu\">www.vintageworld.hu<\/a><\/strong><\/p>\n<p><strong>Our current news, latest products:\u00a0<a href=\"https:\/\/www.facebook.com\/vintageworld.hu\">https:\/\/www.facebook.com\/vintageworld.hu<\/a><\/strong><\/p>\n","protected":false},"excerpt":{"rendered":"<p>Apple Tree Blossom &#8211; Handmade medium 16 pieces rose box The foam box is made individually and by hand in every process of production. Rose box can be an excellent gift idea for special occasions. Graduation, Mother\u2019s Day, Valentine\u2019s Day and&#8230;<\/p>\n","protected":false},"featured_media":6940,"template":"","meta":[],"etheme_brands":[],"product_brand":[],"product_cat":[647,805],"product_tag":[],"class_list":{"0":"post-8204","1":"product","2":"type-product","3":"status-publish","4":"has-post-thumbnail","6":"product_cat-fleurs-dinfinite-roseboxes","7":"product_cat-fleurs-dinfinite-roseboxes2","9":"first","10":"outofstock","11":"taxable","12":"shipping-taxable","13":"purchasable","14":"product-type-simple"},"exclude_global_add_ons":[],"addons":[],"yoast_head":"<!-- This site is optimized with the Yoast SEO plugin v27.0 - https:\/\/yoast.com\/product\/yoast-seo-wordpress\/ -->\n<title>Apple Tree Blossom - Handmade medium 16 pieces rose box - Vintage World<\/title>\n<meta name=\"robots\" content=\"index, follow, max-snippet:-1, max-image-preview:large, max-video-preview:-1\" \/>\n<link rel=\"canonical\" href=\"https:\/\/vintageworld.hu\/en\/webshop\/apple-tree-blossom-handmade-medium-16-pieces-rose-box\/\" \/>\n<meta property=\"og:locale\" content=\"en_US\" \/>\n<meta property=\"og:type\" content=\"article\" \/>\n<meta property=\"og:title\" content=\"Apple Tree Blossom - Handmade medium 16 pieces rose box - Vintage World\" \/>\n<meta property=\"og:description\" content=\"Apple Tree Blossom &#8211; Handmade medium 16 pieces rose box The foam box is made individually and by hand in every process of production. Rose box can be an excellent gift idea for special occasions. Graduation, Mother\u2019s Day, Valentine\u2019s Day and...\" \/>\n<meta property=\"og:url\" content=\"https:\/\/vintageworld.hu\/en\/webshop\/apple-tree-blossom-handmade-medium-16-pieces-rose-box\/\" \/>\n<meta property=\"og:site_name\" content=\"Vintage World\" \/>\n<meta property=\"article:modified_time\" content=\"2025-04-15T18:08:12+00:00\" \/>\n<meta property=\"og:image\" content=\"https:\/\/vintageworld.hu\/wp-content\/uploads\/2025\/04\/almavirag1.jpg\" \/>\n\t<meta property=\"og:image:width\" content=\"698\" \/>\n\t<meta property=\"og:image:height\" content=\"700\" \/>\n\t<meta property=\"og:image:type\" content=\"image\/jpeg\" \/>\n<meta name=\"twitter:card\" content=\"summary_large_image\" \/>\n<meta name=\"twitter:label1\" content=\"Est. reading time\" \/>\n\t<meta name=\"twitter:data1\" content=\"1 minute\" \/>\n<script type=\"application\/ld+json\" class=\"yoast-schema-graph\">{\"@context\":\"https:\/\/schema.org\",\"@graph\":[{\"@type\":\"WebPage\",\"@id\":\"https:\/\/vintageworld.hu\/en\/webshop\/apple-tree-blossom-handmade-medium-16-pieces-rose-box\/\",\"url\":\"https:\/\/vintageworld.hu\/en\/webshop\/apple-tree-blossom-handmade-medium-16-pieces-rose-box\/\",\"name\":\"Apple Tree Blossom - Handmade medium 16 pieces rose box - Vintage World\",\"isPartOf\":{\"@id\":\"https:\/\/vintageworld.hu\/#website\"},\"primaryImageOfPage\":{\"@id\":\"https:\/\/vintageworld.hu\/en\/webshop\/apple-tree-blossom-handmade-medium-16-pieces-rose-box\/#primaryimage\"},\"image\":{\"@id\":\"https:\/\/vintageworld.hu\/en\/webshop\/apple-tree-blossom-handmade-medium-16-pieces-rose-box\/#primaryimage\"},\"thumbnailUrl\":\"https:\/\/vintageworld.hu\/wp-content\/uploads\/2025\/04\/almavirag1.jpg\",\"datePublished\":\"2021-04-09T05:47:48+00:00\",\"dateModified\":\"2025-04-15T18:08:12+00:00\",\"breadcrumb\":{\"@id\":\"https:\/\/vintageworld.hu\/en\/webshop\/apple-tree-blossom-handmade-medium-16-pieces-rose-box\/#breadcrumb\"},\"inLanguage\":\"en-US\",\"potentialAction\":[{\"@type\":\"ReadAction\",\"target\":[\"https:\/\/vintageworld.hu\/en\/webshop\/apple-tree-blossom-handmade-medium-16-pieces-rose-box\/\"]}]},{\"@type\":\"ImageObject\",\"inLanguage\":\"en-US\",\"@id\":\"https:\/\/vintageworld.hu\/en\/webshop\/apple-tree-blossom-handmade-medium-16-pieces-rose-box\/#primaryimage\",\"url\":\"https:\/\/vintageworld.hu\/wp-content\/uploads\/2025\/04\/almavirag1.jpg\",\"contentUrl\":\"https:\/\/vintageworld.hu\/wp-content\/uploads\/2025\/04\/almavirag1.jpg\",\"width\":698,\"height\":700,\"caption\":\"almavir\u00e1g k\u00f6zepes r\u00f3zsadoboz\"},{\"@type\":\"BreadcrumbList\",\"@id\":\"https:\/\/vintageworld.hu\/en\/webshop\/apple-tree-blossom-handmade-medium-16-pieces-rose-box\/#breadcrumb\",\"itemListElement\":[{\"@type\":\"ListItem\",\"position\":1,\"name\":\"Kezd\u0151lap\",\"item\":\"https:\/\/vintageworld.hu\/en\/\"},{\"@type\":\"ListItem\",\"position\":2,\"name\":\"Shop\",\"item\":\"https:\/\/vintageworld.hu\/shop\/\"},{\"@type\":\"ListItem\",\"position\":3,\"name\":\"Apple Tree Blossom &#8211; Handmade medium 16 pieces rose box\"}]},{\"@type\":\"WebSite\",\"@id\":\"https:\/\/vintageworld.hu\/#website\",\"url\":\"https:\/\/vintageworld.hu\/\",\"name\":\"Vintage World\",\"description\":\"K\u00e1v\u00e9, reggeli, vir\u00e1g, web\u00e1ruh\u00e1z\",\"publisher\":{\"@id\":\"https:\/\/vintageworld.hu\/#organization\"},\"potentialAction\":[{\"@type\":\"SearchAction\",\"target\":{\"@type\":\"EntryPoint\",\"urlTemplate\":\"https:\/\/vintageworld.hu\/?s={search_term_string}\"},\"query-input\":{\"@type\":\"PropertyValueSpecification\",\"valueRequired\":true,\"valueName\":\"search_term_string\"}}],\"inLanguage\":\"en-US\"},{\"@type\":\"Organization\",\"@id\":\"https:\/\/vintageworld.hu\/#organization\",\"name\":\"Vintage World\",\"url\":\"https:\/\/vintageworld.hu\/\",\"logo\":{\"@type\":\"ImageObject\",\"inLanguage\":\"en-US\",\"@id\":\"https:\/\/vintageworld.hu\/#\/schema\/logo\/image\/\",\"url\":\"https:\/\/vintageworld.hu\/wp-content\/uploads\/2025\/03\/site-logo.png\",\"contentUrl\":\"https:\/\/vintageworld.hu\/wp-content\/uploads\/2025\/03\/site-logo.png\",\"width\":301,\"height\":89,\"caption\":\"Vintage World\"},\"image\":{\"@id\":\"https:\/\/vintageworld.hu\/#\/schema\/logo\/image\/\"}}]}<\/script>\n<!-- \/ Yoast SEO plugin. -->","yoast_head_json":{"title":"Apple Tree Blossom - Handmade medium 16 pieces rose box - Vintage World","robots":{"index":"index","follow":"follow","max-snippet":"max-snippet:-1","max-image-preview":"max-image-preview:large","max-video-preview":"max-video-preview:-1"},"canonical":"https:\/\/vintageworld.hu\/en\/webshop\/apple-tree-blossom-handmade-medium-16-pieces-rose-box\/","og_locale":"en_US","og_type":"article","og_title":"Apple Tree Blossom - Handmade medium 16 pieces rose box - Vintage World","og_description":"Apple Tree Blossom &#8211; Handmade medium 16 pieces rose box The foam box is made individually and by hand in every process of production. Rose box can be an excellent gift idea for special occasions. Graduation, Mother\u2019s Day, Valentine\u2019s Day and...","og_url":"https:\/\/vintageworld.hu\/en\/webshop\/apple-tree-blossom-handmade-medium-16-pieces-rose-box\/","og_site_name":"Vintage World","article_modified_time":"2025-04-15T18:08:12+00:00","og_image":[{"width":698,"height":700,"url":"https:\/\/vintageworld.hu\/wp-content\/uploads\/2025\/04\/almavirag1.jpg","type":"image\/jpeg"}],"twitter_card":"summary_large_image","twitter_misc":{"Est. reading time":"1 minute"},"schema":{"@context":"https:\/\/schema.org","@graph":[{"@type":"WebPage","@id":"https:\/\/vintageworld.hu\/en\/webshop\/apple-tree-blossom-handmade-medium-16-pieces-rose-box\/","url":"https:\/\/vintageworld.hu\/en\/webshop\/apple-tree-blossom-handmade-medium-16-pieces-rose-box\/","name":"Apple Tree Blossom - Handmade medium 16 pieces rose box - Vintage World","isPartOf":{"@id":"https:\/\/vintageworld.hu\/#website"},"primaryImageOfPage":{"@id":"https:\/\/vintageworld.hu\/en\/webshop\/apple-tree-blossom-handmade-medium-16-pieces-rose-box\/#primaryimage"},"image":{"@id":"https:\/\/vintageworld.hu\/en\/webshop\/apple-tree-blossom-handmade-medium-16-pieces-rose-box\/#primaryimage"},"thumbnailUrl":"https:\/\/vintageworld.hu\/wp-content\/uploads\/2025\/04\/almavirag1.jpg","datePublished":"2021-04-09T05:47:48+00:00","dateModified":"2025-04-15T18:08:12+00:00","breadcrumb":{"@id":"https:\/\/vintageworld.hu\/en\/webshop\/apple-tree-blossom-handmade-medium-16-pieces-rose-box\/#breadcrumb"},"inLanguage":"en-US","potentialAction":[{"@type":"ReadAction","target":["https:\/\/vintageworld.hu\/en\/webshop\/apple-tree-blossom-handmade-medium-16-pieces-rose-box\/"]}]},{"@type":"ImageObject","inLanguage":"en-US","@id":"https:\/\/vintageworld.hu\/en\/webshop\/apple-tree-blossom-handmade-medium-16-pieces-rose-box\/#primaryimage","url":"https:\/\/vintageworld.hu\/wp-content\/uploads\/2025\/04\/almavirag1.jpg","contentUrl":"https:\/\/vintageworld.hu\/wp-content\/uploads\/2025\/04\/almavirag1.jpg","width":698,"height":700,"caption":"almavir\u00e1g k\u00f6zepes r\u00f3zsadoboz"},{"@type":"BreadcrumbList","@id":"https:\/\/vintageworld.hu\/en\/webshop\/apple-tree-blossom-handmade-medium-16-pieces-rose-box\/#breadcrumb","itemListElement":[{"@type":"ListItem","position":1,"name":"Kezd\u0151lap","item":"https:\/\/vintageworld.hu\/en\/"},{"@type":"ListItem","position":2,"name":"Shop","item":"https:\/\/vintageworld.hu\/shop\/"},{"@type":"ListItem","position":3,"name":"Apple Tree Blossom &#8211; Handmade medium 16 pieces rose box"}]},{"@type":"WebSite","@id":"https:\/\/vintageworld.hu\/#website","url":"https:\/\/vintageworld.hu\/","name":"Vintage World","description":"K\u00e1v\u00e9, reggeli, vir\u00e1g, web\u00e1ruh\u00e1z","publisher":{"@id":"https:\/\/vintageworld.hu\/#organization"},"potentialAction":[{"@type":"SearchAction","target":{"@type":"EntryPoint","urlTemplate":"https:\/\/vintageworld.hu\/?s={search_term_string}"},"query-input":{"@type":"PropertyValueSpecification","valueRequired":true,"valueName":"search_term_string"}}],"inLanguage":"en-US"},{"@type":"Organization","@id":"https:\/\/vintageworld.hu\/#organization","name":"Vintage World","url":"https:\/\/vintageworld.hu\/","logo":{"@type":"ImageObject","inLanguage":"en-US","@id":"https:\/\/vintageworld.hu\/#\/schema\/logo\/image\/","url":"https:\/\/vintageworld.hu\/wp-content\/uploads\/2025\/03\/site-logo.png","contentUrl":"https:\/\/vintageworld.hu\/wp-content\/uploads\/2025\/03\/site-logo.png","width":301,"height":89,"caption":"Vintage World"},"image":{"@id":"https:\/\/vintageworld.hu\/#\/schema\/logo\/image\/"}}]}},"_links":{"self":[{"href":"https:\/\/vintageworld.hu\/en\/wp-json\/wp\/v2\/product\/8204","targetHints":{"allow":["GET"]}}],"collection":[{"href":"https:\/\/vintageworld.hu\/en\/wp-json\/wp\/v2\/product"}],"about":[{"href":"https:\/\/vintageworld.hu\/en\/wp-json\/wp\/v2\/types\/product"}],"version-history":[{"count":0,"href":"https:\/\/vintageworld.hu\/en\/wp-json\/wp\/v2\/product\/8204\/revisions"}],"wp:featuredmedia":[{"embeddable":true,"href":"https:\/\/vintageworld.hu\/en\/wp-json\/wp\/v2\/media\/6940"}],"wp:attachment":[{"href":"https:\/\/vintageworld.hu\/en\/wp-json\/wp\/v2\/media?parent=8204"}],"wp:term":[{"taxonomy":"brand","embeddable":true,"href":"https:\/\/vintageworld.hu\/en\/wp-json\/wp\/v2\/etheme_brands?post=8204"},{"taxonomy":"product_brand","embeddable":true,"href":"https:\/\/vintageworld.hu\/en\/wp-json\/wp\/v2\/product_brand?post=8204"},{"taxonomy":"product_cat","embeddable":true,"href":"https:\/\/vintageworld.hu\/en\/wp-json\/wp\/v2\/product_cat?post=8204"},{"taxonomy":"product_tag","embeddable":true,"href":"https:\/\/vintageworld.hu\/en\/wp-json\/wp\/v2\/product_tag?post=8204"}],"curies":[{"name":"wp","href":"https:\/\/api.w.org\/{rel}","templated":true}]}}