{"id":7724,"date":"2021-04-07T12:25:59","date_gmt":"2021-04-07T10:25:59","guid":{"rendered":"https:\/\/vintageworld.hu\/termek\/fire-of-love-bracelet-for-couples\/"},"modified":"2025-04-15T18:46:15","modified_gmt":"2025-04-15T16:46:15","slug":"fire-of-love-bracelet-for-couples","status":"publish","type":"product","link":"https:\/\/vintageworld.hu\/en\/webshop\/fire-of-love-bracelet-for-couples\/","title":{"rendered":"Fire of Love \u2013 bracelet for couples"},"content":{"rendered":"<div class=\"woocommerce-product-details__short-description\">\n<h3><em>Fire of Love pyrite bronze bracelet for couples<\/em><\/h3>\n<\/div>\n<p>&nbsp;<\/p>\n<div id=\"tab-description\" class=\"woocommerce-Tabs-panel woocommerce-Tabs-panel--description panel entry-content wc-tab\" role=\"tabpanel\" aria-labelledby=\"tab-title-description\">\n<p>Pirit supports self-expression, self-knowledge, and has a detoxifying and cell-forming effect. It has painkilling effects, including relieving back and joint pain, antispasmodic and also relieves menstrual complaints.<\/p>\n<p>&nbsp;<\/p>\n<p>&nbsp;<\/p>\n<p><strong>The price includes 1 bracelet for him and 1 for her.<\/strong><\/p>\n<\/div>\n<p>&nbsp;<\/p>\n<pre><em>Wishing you all powerful and energy-filled moments with your new jewels.<\/em><\/pre>\n<p>&nbsp;<\/p>\n<div id=\"tab-description\" class=\"woocommerce-Tabs-panel woocommerce-Tabs-panel--description panel entry-content wc-tab\" role=\"tabpanel\" aria-labelledby=\"tab-title-description\">\n<p><span data-sheets-value=\"{&quot;1&quot;:2,&quot;2&quot;:&quot;The gift is such a lovely way to express our care to our loved ones. Perfect present for birthdays, memorable events, farewell ceremonies or other special occasions. &quot;}\" data-sheets-userformat=\"{&quot;2&quot;:14785,&quot;3&quot;:{&quot;1&quot;:0,&quot;3&quot;:1},&quot;9&quot;:1,&quot;10&quot;:1,&quot;11&quot;:4,&quot;14&quot;:{&quot;1&quot;:3,&quot;3&quot;:1},&quot;15&quot;:&quot;Times New Roman&quot;,&quot;16&quot;:12}\">The gift is such a lovely way to express our care to our loved ones. Perfect present for birthdays, memorable events, farewell ceremonies or other special occasions.<\/span><\/p>\n<p>&nbsp;<\/p>\n<p><strong>Holistic healing abilities mentioned above never replace but can help medical treatments. NaYa mineral jewelleries are not for curing illnesses, using them for phisycal or mental healing is the decision of the customer only we can not take any responsibility for the fact that.<\/strong><\/p>\n<\/div>\n<p>&nbsp;<\/p>\n<p><strong>NaYa accessories are shipped in classy velvet jewellery bags. It is also possible to choose our elegant luxury paper boxes that you can add to your order. Select your favorite boxes here.<\/strong><\/p>\n<div id=\"tab-description\" class=\"woocommerce-Tabs-panel woocommerce-Tabs-panel--description panel entry-content wc-tab\" role=\"tabpanel\" aria-labelledby=\"tab-title-description\">\n<p>&nbsp;<\/p>\n<p><strong>S<\/strong><strong>ource:<\/strong><\/p>\n<ul>\n<li>Judy Hall: Var\u00e1zslatos krist\u00e1lyok<\/li>\n<li>Judy Hall: Krist\u00e1lybiblia<\/li>\n<li>Dr. Csomai Zita: Gy\u00f3gy\u00edt\u00f3 krist\u00e1lyok<\/li>\n<\/ul>\n<p>Follow us on <a href=\"https:\/\/www.facebook.com\/vintageworld.hu\">Facebook<\/a> and <a href=\"https:\/\/www.instagram.com\/vintageworldhu\/\">Instagram<\/a>!<\/p>\n<\/div>\n","protected":false},"excerpt":{"rendered":"<p>Fire of Love pyrite bronze bracelet for couples &nbsp; Pirit supports self-expression, self-knowledge, and has a detoxifying and cell-forming effect. It has painkilling effects, including relieving back and joint pain, antispasmodic and also relie&#8230;<\/p>\n","protected":false},"featured_media":5245,"template":"","meta":[],"etheme_brands":[],"product_brand":[],"product_cat":[637,803,639],"product_tag":[],"class_list":{"0":"post-7724","1":"product","2":"type-product","3":"status-publish","4":"has-post-thumbnail","6":"product_cat-gift-ideas-for-men","7":"product_cat-naya-mineral-jewelry-en","8":"product_cat-other","10":"first","11":"instock","12":"sale","13":"taxable","14":"shipping-taxable","15":"purchasable","16":"product-type-simple"},"exclude_global_add_ons":[],"addons":[],"yoast_head":"<!-- This site is optimized with the Yoast SEO plugin v27.0 - https:\/\/yoast.com\/product\/yoast-seo-wordpress\/ -->\n<title>Fire of Love \u2013 bracelet for couples - Vintage World<\/title>\n<meta name=\"robots\" content=\"index, follow, max-snippet:-1, max-image-preview:large, max-video-preview:-1\" \/>\n<link rel=\"canonical\" href=\"https:\/\/vintageworld.hu\/en\/webshop\/fire-of-love-bracelet-for-couples\/\" \/>\n<meta property=\"og:locale\" content=\"en_US\" \/>\n<meta property=\"og:type\" content=\"article\" \/>\n<meta property=\"og:title\" content=\"Fire of Love \u2013 bracelet for couples - Vintage World\" \/>\n<meta property=\"og:description\" content=\"Fire of Love pyrite bronze bracelet for couples &nbsp; Pirit supports self-expression, self-knowledge, and has a detoxifying and cell-forming effect. It has painkilling effects, including relieving back and joint pain, antispasmodic and also relie...\" \/>\n<meta property=\"og:url\" content=\"https:\/\/vintageworld.hu\/en\/webshop\/fire-of-love-bracelet-for-couples\/\" \/>\n<meta property=\"og:site_name\" content=\"Vintage World\" \/>\n<meta property=\"article:modified_time\" content=\"2025-04-15T16:46:15+00:00\" \/>\n<meta property=\"og:image\" content=\"https:\/\/vintageworld.hu\/wp-content\/uploads\/2025\/03\/Safarel-paros-karkoto-2.jpg\" \/>\n\t<meta property=\"og:image:width\" content=\"600\" \/>\n\t<meta property=\"og:image:height\" content=\"600\" \/>\n\t<meta property=\"og:image:type\" content=\"image\/jpeg\" \/>\n<meta name=\"twitter:card\" content=\"summary_large_image\" \/>\n<meta name=\"twitter:label1\" content=\"Est. reading time\" \/>\n\t<meta name=\"twitter:data1\" content=\"1 minute\" \/>\n<script type=\"application\/ld+json\" class=\"yoast-schema-graph\">{\"@context\":\"https:\/\/schema.org\",\"@graph\":[{\"@type\":\"WebPage\",\"@id\":\"https:\/\/vintageworld.hu\/en\/webshop\/fire-of-love-bracelet-for-couples\/\",\"url\":\"https:\/\/vintageworld.hu\/en\/webshop\/fire-of-love-bracelet-for-couples\/\",\"name\":\"Fire of Love \u2013 bracelet for couples - Vintage World\",\"isPartOf\":{\"@id\":\"https:\/\/vintageworld.hu\/#website\"},\"primaryImageOfPage\":{\"@id\":\"https:\/\/vintageworld.hu\/en\/webshop\/fire-of-love-bracelet-for-couples\/#primaryimage\"},\"image\":{\"@id\":\"https:\/\/vintageworld.hu\/en\/webshop\/fire-of-love-bracelet-for-couples\/#primaryimage\"},\"thumbnailUrl\":\"https:\/\/vintageworld.hu\/wp-content\/uploads\/2025\/03\/Safarel-paros-karkoto-2.jpg\",\"datePublished\":\"2021-04-07T10:25:59+00:00\",\"dateModified\":\"2025-04-15T16:46:15+00:00\",\"breadcrumb\":{\"@id\":\"https:\/\/vintageworld.hu\/en\/webshop\/fire-of-love-bracelet-for-couples\/#breadcrumb\"},\"inLanguage\":\"en-US\",\"potentialAction\":[{\"@type\":\"ReadAction\",\"target\":[\"https:\/\/vintageworld.hu\/en\/webshop\/fire-of-love-bracelet-for-couples\/\"]}]},{\"@type\":\"ImageObject\",\"inLanguage\":\"en-US\",\"@id\":\"https:\/\/vintageworld.hu\/en\/webshop\/fire-of-love-bracelet-for-couples\/#primaryimage\",\"url\":\"https:\/\/vintageworld.hu\/wp-content\/uploads\/2025\/03\/Safarel-paros-karkoto-2.jpg\",\"contentUrl\":\"https:\/\/vintageworld.hu\/wp-content\/uploads\/2025\/03\/Safarel-paros-karkoto-2.jpg\",\"width\":600,\"height\":600,\"caption\":\"Safarel p\u00e1ros kark\u00f6t\u0151 2\"},{\"@type\":\"BreadcrumbList\",\"@id\":\"https:\/\/vintageworld.hu\/en\/webshop\/fire-of-love-bracelet-for-couples\/#breadcrumb\",\"itemListElement\":[{\"@type\":\"ListItem\",\"position\":1,\"name\":\"Kezd\u0151lap\",\"item\":\"https:\/\/vintageworld.hu\/en\/\"},{\"@type\":\"ListItem\",\"position\":2,\"name\":\"Shop\",\"item\":\"https:\/\/vintageworld.hu\/shop\/\"},{\"@type\":\"ListItem\",\"position\":3,\"name\":\"Fire of Love \u2013 bracelet for couples\"}]},{\"@type\":\"WebSite\",\"@id\":\"https:\/\/vintageworld.hu\/#website\",\"url\":\"https:\/\/vintageworld.hu\/\",\"name\":\"Vintage World\",\"description\":\"K\u00e1v\u00e9, reggeli, vir\u00e1g, web\u00e1ruh\u00e1z\",\"publisher\":{\"@id\":\"https:\/\/vintageworld.hu\/#organization\"},\"potentialAction\":[{\"@type\":\"SearchAction\",\"target\":{\"@type\":\"EntryPoint\",\"urlTemplate\":\"https:\/\/vintageworld.hu\/?s={search_term_string}\"},\"query-input\":{\"@type\":\"PropertyValueSpecification\",\"valueRequired\":true,\"valueName\":\"search_term_string\"}}],\"inLanguage\":\"en-US\"},{\"@type\":\"Organization\",\"@id\":\"https:\/\/vintageworld.hu\/#organization\",\"name\":\"Vintage World\",\"url\":\"https:\/\/vintageworld.hu\/\",\"logo\":{\"@type\":\"ImageObject\",\"inLanguage\":\"en-US\",\"@id\":\"https:\/\/vintageworld.hu\/#\/schema\/logo\/image\/\",\"url\":\"https:\/\/vintageworld.hu\/wp-content\/uploads\/2025\/03\/site-logo.png\",\"contentUrl\":\"https:\/\/vintageworld.hu\/wp-content\/uploads\/2025\/03\/site-logo.png\",\"width\":301,\"height\":89,\"caption\":\"Vintage World\"},\"image\":{\"@id\":\"https:\/\/vintageworld.hu\/#\/schema\/logo\/image\/\"}}]}<\/script>\n<!-- \/ Yoast SEO plugin. -->","yoast_head_json":{"title":"Fire of Love \u2013 bracelet for couples - Vintage World","robots":{"index":"index","follow":"follow","max-snippet":"max-snippet:-1","max-image-preview":"max-image-preview:large","max-video-preview":"max-video-preview:-1"},"canonical":"https:\/\/vintageworld.hu\/en\/webshop\/fire-of-love-bracelet-for-couples\/","og_locale":"en_US","og_type":"article","og_title":"Fire of Love \u2013 bracelet for couples - Vintage World","og_description":"Fire of Love pyrite bronze bracelet for couples &nbsp; Pirit supports self-expression, self-knowledge, and has a detoxifying and cell-forming effect. It has painkilling effects, including relieving back and joint pain, antispasmodic and also relie...","og_url":"https:\/\/vintageworld.hu\/en\/webshop\/fire-of-love-bracelet-for-couples\/","og_site_name":"Vintage World","article_modified_time":"2025-04-15T16:46:15+00:00","og_image":[{"width":600,"height":600,"url":"https:\/\/vintageworld.hu\/wp-content\/uploads\/2025\/03\/Safarel-paros-karkoto-2.jpg","type":"image\/jpeg"}],"twitter_card":"summary_large_image","twitter_misc":{"Est. reading time":"1 minute"},"schema":{"@context":"https:\/\/schema.org","@graph":[{"@type":"WebPage","@id":"https:\/\/vintageworld.hu\/en\/webshop\/fire-of-love-bracelet-for-couples\/","url":"https:\/\/vintageworld.hu\/en\/webshop\/fire-of-love-bracelet-for-couples\/","name":"Fire of Love \u2013 bracelet for couples - Vintage World","isPartOf":{"@id":"https:\/\/vintageworld.hu\/#website"},"primaryImageOfPage":{"@id":"https:\/\/vintageworld.hu\/en\/webshop\/fire-of-love-bracelet-for-couples\/#primaryimage"},"image":{"@id":"https:\/\/vintageworld.hu\/en\/webshop\/fire-of-love-bracelet-for-couples\/#primaryimage"},"thumbnailUrl":"https:\/\/vintageworld.hu\/wp-content\/uploads\/2025\/03\/Safarel-paros-karkoto-2.jpg","datePublished":"2021-04-07T10:25:59+00:00","dateModified":"2025-04-15T16:46:15+00:00","breadcrumb":{"@id":"https:\/\/vintageworld.hu\/en\/webshop\/fire-of-love-bracelet-for-couples\/#breadcrumb"},"inLanguage":"en-US","potentialAction":[{"@type":"ReadAction","target":["https:\/\/vintageworld.hu\/en\/webshop\/fire-of-love-bracelet-for-couples\/"]}]},{"@type":"ImageObject","inLanguage":"en-US","@id":"https:\/\/vintageworld.hu\/en\/webshop\/fire-of-love-bracelet-for-couples\/#primaryimage","url":"https:\/\/vintageworld.hu\/wp-content\/uploads\/2025\/03\/Safarel-paros-karkoto-2.jpg","contentUrl":"https:\/\/vintageworld.hu\/wp-content\/uploads\/2025\/03\/Safarel-paros-karkoto-2.jpg","width":600,"height":600,"caption":"Safarel p\u00e1ros kark\u00f6t\u0151 2"},{"@type":"BreadcrumbList","@id":"https:\/\/vintageworld.hu\/en\/webshop\/fire-of-love-bracelet-for-couples\/#breadcrumb","itemListElement":[{"@type":"ListItem","position":1,"name":"Kezd\u0151lap","item":"https:\/\/vintageworld.hu\/en\/"},{"@type":"ListItem","position":2,"name":"Shop","item":"https:\/\/vintageworld.hu\/shop\/"},{"@type":"ListItem","position":3,"name":"Fire of Love \u2013 bracelet for couples"}]},{"@type":"WebSite","@id":"https:\/\/vintageworld.hu\/#website","url":"https:\/\/vintageworld.hu\/","name":"Vintage World","description":"K\u00e1v\u00e9, reggeli, vir\u00e1g, web\u00e1ruh\u00e1z","publisher":{"@id":"https:\/\/vintageworld.hu\/#organization"},"potentialAction":[{"@type":"SearchAction","target":{"@type":"EntryPoint","urlTemplate":"https:\/\/vintageworld.hu\/?s={search_term_string}"},"query-input":{"@type":"PropertyValueSpecification","valueRequired":true,"valueName":"search_term_string"}}],"inLanguage":"en-US"},{"@type":"Organization","@id":"https:\/\/vintageworld.hu\/#organization","name":"Vintage World","url":"https:\/\/vintageworld.hu\/","logo":{"@type":"ImageObject","inLanguage":"en-US","@id":"https:\/\/vintageworld.hu\/#\/schema\/logo\/image\/","url":"https:\/\/vintageworld.hu\/wp-content\/uploads\/2025\/03\/site-logo.png","contentUrl":"https:\/\/vintageworld.hu\/wp-content\/uploads\/2025\/03\/site-logo.png","width":301,"height":89,"caption":"Vintage World"},"image":{"@id":"https:\/\/vintageworld.hu\/#\/schema\/logo\/image\/"}}]}},"_links":{"self":[{"href":"https:\/\/vintageworld.hu\/en\/wp-json\/wp\/v2\/product\/7724","targetHints":{"allow":["GET"]}}],"collection":[{"href":"https:\/\/vintageworld.hu\/en\/wp-json\/wp\/v2\/product"}],"about":[{"href":"https:\/\/vintageworld.hu\/en\/wp-json\/wp\/v2\/types\/product"}],"version-history":[{"count":0,"href":"https:\/\/vintageworld.hu\/en\/wp-json\/wp\/v2\/product\/7724\/revisions"}],"wp:featuredmedia":[{"embeddable":true,"href":"https:\/\/vintageworld.hu\/en\/wp-json\/wp\/v2\/media\/5245"}],"wp:attachment":[{"href":"https:\/\/vintageworld.hu\/en\/wp-json\/wp\/v2\/media?parent=7724"}],"wp:term":[{"taxonomy":"brand","embeddable":true,"href":"https:\/\/vintageworld.hu\/en\/wp-json\/wp\/v2\/etheme_brands?post=7724"},{"taxonomy":"product_brand","embeddable":true,"href":"https:\/\/vintageworld.hu\/en\/wp-json\/wp\/v2\/product_brand?post=7724"},{"taxonomy":"product_cat","embeddable":true,"href":"https:\/\/vintageworld.hu\/en\/wp-json\/wp\/v2\/product_cat?post=7724"},{"taxonomy":"product_tag","embeddable":true,"href":"https:\/\/vintageworld.hu\/en\/wp-json\/wp\/v2\/product_tag?post=7724"}],"curies":[{"name":"wp","href":"https:\/\/api.w.org\/{rel}","templated":true}]}}