{"id":7671,"date":"2021-04-07T11:50:24","date_gmt":"2021-04-07T09:50:24","guid":{"rendered":"https:\/\/vintageworld.hu\/termek\/nariel-bracelet-set\/"},"modified":"2025-04-15T18:46:16","modified_gmt":"2025-04-15T16:46:16","slug":"nariel-bracelet-set","status":"publish","type":"product","link":"https:\/\/vintageworld.hu\/en\/webshop\/nariel-bracelet-set\/","title":{"rendered":"Nariel \u2013 bracelet set"},"content":{"rendered":"<div class=\"woocommerce-product-details__short-description\">\n<h4><em>Nariel hematite crystal bracelet and mountain crystal bracelet set.<\/em><\/h4>\n<div id=\"tab-description\" class=\"woocommerce-Tabs-panel woocommerce-Tabs-panel--description panel entry-content wc-tab\" role=\"tabpanel\" aria-labelledby=\"tab-title-description\">\n<p>&nbsp;<\/p>\n<p><strong>Hematite crystal healing properties:<\/strong><\/p>\n<p>Hematite has a stong yang power that balances the meridians, brings power and dynamism into our lives. It helps to overcome addictions, improves concentration, strengthens the memory.<\/p>\n<p>&nbsp;<\/p>\n<p><strong>Physical effects:<\/strong><br \/>\nIt raises low blood pressure, has a general blood cleansing effect, improves blood circulation, reduces pain and helps iron deficiency problems.<\/p>\n<p>&nbsp;<\/p>\n<p><strong>Warning:<\/strong> In case of high blood pressure, wear it carefully because it raises blood pressure. It should also be used with care when having inflammatory problems.<\/p>\n<p>&nbsp;<\/p>\n<p><strong>Spiritual effects of the mountain crystal:<\/strong><\/p>\n<p>It clears our thoughts and improves understanding. Help to disappear fears, even nightmares can disappear thank to the power of the crystal. It clears negative energies. It helps the soul-spirit-body connection. Due to their effects, the rock crystals are also known as master healers.<\/p>\n<p>&nbsp;<\/p>\n<p><strong>Physical effect of the crystal:<\/strong><\/p>\n<p>It harmonizes the hormonal system. Stimulates digestion and intestinal function. It can also help with sleep disorders. The crystal can also be beneficial for eye problems.<\/p>\n<p>&nbsp;<\/p>\n<pre><em>Wishing you all powerful and energy-filled moments with you new jewels.<\/em><\/pre>\n<p>&nbsp;<\/p>\n<p><span data-sheets-value=\"{&quot;1&quot;:2,&quot;2&quot;:&quot;The gift is such a lovely way to express our care to our loved ones. Perfect present for birthdays, memorable events, farewell ceremonies or other special occasions. &quot;}\" data-sheets-userformat=\"{&quot;2&quot;:14785,&quot;3&quot;:{&quot;1&quot;:0,&quot;3&quot;:1},&quot;9&quot;:1,&quot;10&quot;:1,&quot;11&quot;:4,&quot;14&quot;:{&quot;1&quot;:3,&quot;3&quot;:1},&quot;15&quot;:&quot;Times New Roman&quot;,&quot;16&quot;:12}\">The gift is such a lovely way to express our care to our loved ones. Perfect present for birthdays, memorable events, farewell ceremonies or other special occasions.<\/span><\/p>\n<p>&nbsp;<\/p>\n<p><span data-sheets-value=\"{&quot;1&quot;:2,&quot;2&quot;:&quot;Holistic healing abilities mentioned above never replace but can help medical treatments. NaYa mineral jewelleries are not for curing illnesses, using them for phisycal or mental healing is the decision of the customer only we can not take any responsibility for the fact that.&quot;}\" data-sheets-userformat=\"{&quot;2&quot;:14785,&quot;3&quot;:{&quot;1&quot;:0,&quot;3&quot;:1},&quot;9&quot;:1,&quot;10&quot;:1,&quot;11&quot;:4,&quot;14&quot;:{&quot;1&quot;:3,&quot;3&quot;:1},&quot;15&quot;:&quot;Times New Roman&quot;,&quot;16&quot;:12}\">Holistic healing abilities mentioned above never replace but can help medical treatments. NaYa mineral jewelleries are not for curing illnesses, using them for phisycal or mental healing is the decision of the customer only we can not take any responsibility for the fact that.<\/span><\/p>\n<p>&nbsp;<\/p>\n<p><strong>Source:<\/strong><\/p>\n<ul>\n<li>\u00a0Judy Hall\u2019s Crystal Companion<\/li>\n<li>Judy Hall: Crystal Bible<\/li>\n<li>Dr. Csomai Zita: Gy\u00f3gy\u00edt\u00f3 krist\u00e1lyok<\/li>\n<\/ul>\n<\/div>\n<p>&nbsp;<\/p>\n<p>&nbsp;<\/p>\n<\/div>\n<p>&nbsp;<\/p>\n<div class=\"navach navace navaci navacj navacg navack\">\n<div class=\"e cd navafi navkx navdw az ab navafj navkw as r\"><\/div>\n<\/div>\n<p>&nbsp;<\/p>\n","protected":false},"excerpt":{"rendered":"<p>Nariel hematite crystal bracelet and mountain crystal bracelet set. &nbsp; Hematite crystal healing properties: Hematite has a stong yang power that balances the meridians, brings power and dynamism into our lives. It helps to overcome addictions,&#8230;<\/p>\n","protected":false},"featured_media":5405,"template":"","meta":[],"etheme_brands":[],"product_brand":[],"product_cat":[646,645,803],"product_tag":[],"class_list":{"0":"post-7671","1":"product","2":"type-product","3":"status-publish","4":"has-post-thumbnail","6":"product_cat-hello-autumn","7":"product_cat-naya-mineral-jewelry","8":"product_cat-naya-mineral-jewelry-en","10":"first","11":"instock","12":"sale","13":"taxable","14":"shipping-taxable","15":"purchasable","16":"product-type-simple"},"exclude_global_add_ons":[],"addons":[],"yoast_head":"<!-- This site is optimized with the Yoast SEO plugin v27.0 - https:\/\/yoast.com\/product\/yoast-seo-wordpress\/ -->\n<title>Nariel \u2013 bracelet set - Vintage World<\/title>\n<meta name=\"robots\" content=\"index, follow, max-snippet:-1, max-image-preview:large, max-video-preview:-1\" \/>\n<link rel=\"canonical\" href=\"https:\/\/vintageworld.hu\/en\/webshop\/nariel-bracelet-set\/\" \/>\n<meta property=\"og:locale\" content=\"en_US\" \/>\n<meta property=\"og:type\" content=\"article\" \/>\n<meta property=\"og:title\" content=\"Nariel \u2013 bracelet set - Vintage World\" \/>\n<meta property=\"og:description\" content=\"Nariel hematite crystal bracelet and mountain crystal bracelet set. &nbsp; Hematite crystal healing properties: Hematite has a stong yang power that balances the meridians, brings power and dynamism into our lives. It helps to overcome addictions,...\" \/>\n<meta property=\"og:url\" content=\"https:\/\/vintageworld.hu\/en\/webshop\/nariel-bracelet-set\/\" \/>\n<meta property=\"og:site_name\" content=\"Vintage World\" \/>\n<meta property=\"article:modified_time\" content=\"2025-04-15T16:46:16+00:00\" \/>\n<meta property=\"og:image\" content=\"https:\/\/vintageworld.hu\/wp-content\/uploads\/2025\/03\/nariel.jpg\" \/>\n\t<meta property=\"og:image:width\" content=\"600\" \/>\n\t<meta property=\"og:image:height\" content=\"601\" \/>\n\t<meta property=\"og:image:type\" content=\"image\/jpeg\" \/>\n<meta name=\"twitter:card\" content=\"summary_large_image\" \/>\n<meta name=\"twitter:label1\" content=\"Est. reading time\" \/>\n\t<meta name=\"twitter:data1\" content=\"1 minute\" \/>\n<script type=\"application\/ld+json\" class=\"yoast-schema-graph\">{\"@context\":\"https:\/\/schema.org\",\"@graph\":[{\"@type\":\"WebPage\",\"@id\":\"https:\/\/vintageworld.hu\/en\/webshop\/nariel-bracelet-set\/\",\"url\":\"https:\/\/vintageworld.hu\/en\/webshop\/nariel-bracelet-set\/\",\"name\":\"Nariel \u2013 bracelet set - Vintage World\",\"isPartOf\":{\"@id\":\"https:\/\/vintageworld.hu\/#website\"},\"primaryImageOfPage\":{\"@id\":\"https:\/\/vintageworld.hu\/en\/webshop\/nariel-bracelet-set\/#primaryimage\"},\"image\":{\"@id\":\"https:\/\/vintageworld.hu\/en\/webshop\/nariel-bracelet-set\/#primaryimage\"},\"thumbnailUrl\":\"https:\/\/vintageworld.hu\/wp-content\/uploads\/2025\/03\/nariel.jpg\",\"datePublished\":\"2021-04-07T09:50:24+00:00\",\"dateModified\":\"2025-04-15T16:46:16+00:00\",\"breadcrumb\":{\"@id\":\"https:\/\/vintageworld.hu\/en\/webshop\/nariel-bracelet-set\/#breadcrumb\"},\"inLanguage\":\"en-US\",\"potentialAction\":[{\"@type\":\"ReadAction\",\"target\":[\"https:\/\/vintageworld.hu\/en\/webshop\/nariel-bracelet-set\/\"]}]},{\"@type\":\"ImageObject\",\"inLanguage\":\"en-US\",\"@id\":\"https:\/\/vintageworld.hu\/en\/webshop\/nariel-bracelet-set\/#primaryimage\",\"url\":\"https:\/\/vintageworld.hu\/wp-content\/uploads\/2025\/03\/nariel.jpg\",\"contentUrl\":\"https:\/\/vintageworld.hu\/wp-content\/uploads\/2025\/03\/nariel.jpg\",\"width\":600,\"height\":601,\"caption\":\"nariel\"},{\"@type\":\"BreadcrumbList\",\"@id\":\"https:\/\/vintageworld.hu\/en\/webshop\/nariel-bracelet-set\/#breadcrumb\",\"itemListElement\":[{\"@type\":\"ListItem\",\"position\":1,\"name\":\"Kezd\u0151lap\",\"item\":\"https:\/\/vintageworld.hu\/en\/\"},{\"@type\":\"ListItem\",\"position\":2,\"name\":\"Shop\",\"item\":\"https:\/\/vintageworld.hu\/shop\/\"},{\"@type\":\"ListItem\",\"position\":3,\"name\":\"Nariel \u2013 bracelet set\"}]},{\"@type\":\"WebSite\",\"@id\":\"https:\/\/vintageworld.hu\/#website\",\"url\":\"https:\/\/vintageworld.hu\/\",\"name\":\"Vintage World\",\"description\":\"K\u00e1v\u00e9, reggeli, vir\u00e1g, web\u00e1ruh\u00e1z\",\"publisher\":{\"@id\":\"https:\/\/vintageworld.hu\/#organization\"},\"potentialAction\":[{\"@type\":\"SearchAction\",\"target\":{\"@type\":\"EntryPoint\",\"urlTemplate\":\"https:\/\/vintageworld.hu\/?s={search_term_string}\"},\"query-input\":{\"@type\":\"PropertyValueSpecification\",\"valueRequired\":true,\"valueName\":\"search_term_string\"}}],\"inLanguage\":\"en-US\"},{\"@type\":\"Organization\",\"@id\":\"https:\/\/vintageworld.hu\/#organization\",\"name\":\"Vintage World\",\"url\":\"https:\/\/vintageworld.hu\/\",\"logo\":{\"@type\":\"ImageObject\",\"inLanguage\":\"en-US\",\"@id\":\"https:\/\/vintageworld.hu\/#\/schema\/logo\/image\/\",\"url\":\"https:\/\/vintageworld.hu\/wp-content\/uploads\/2025\/03\/site-logo.png\",\"contentUrl\":\"https:\/\/vintageworld.hu\/wp-content\/uploads\/2025\/03\/site-logo.png\",\"width\":301,\"height\":89,\"caption\":\"Vintage World\"},\"image\":{\"@id\":\"https:\/\/vintageworld.hu\/#\/schema\/logo\/image\/\"}}]}<\/script>\n<!-- \/ Yoast SEO plugin. -->","yoast_head_json":{"title":"Nariel \u2013 bracelet set - Vintage World","robots":{"index":"index","follow":"follow","max-snippet":"max-snippet:-1","max-image-preview":"max-image-preview:large","max-video-preview":"max-video-preview:-1"},"canonical":"https:\/\/vintageworld.hu\/en\/webshop\/nariel-bracelet-set\/","og_locale":"en_US","og_type":"article","og_title":"Nariel \u2013 bracelet set - Vintage World","og_description":"Nariel hematite crystal bracelet and mountain crystal bracelet set. &nbsp; Hematite crystal healing properties: Hematite has a stong yang power that balances the meridians, brings power and dynamism into our lives. It helps to overcome addictions,...","og_url":"https:\/\/vintageworld.hu\/en\/webshop\/nariel-bracelet-set\/","og_site_name":"Vintage World","article_modified_time":"2025-04-15T16:46:16+00:00","og_image":[{"width":600,"height":601,"url":"https:\/\/vintageworld.hu\/wp-content\/uploads\/2025\/03\/nariel.jpg","type":"image\/jpeg"}],"twitter_card":"summary_large_image","twitter_misc":{"Est. reading time":"1 minute"},"schema":{"@context":"https:\/\/schema.org","@graph":[{"@type":"WebPage","@id":"https:\/\/vintageworld.hu\/en\/webshop\/nariel-bracelet-set\/","url":"https:\/\/vintageworld.hu\/en\/webshop\/nariel-bracelet-set\/","name":"Nariel \u2013 bracelet set - Vintage World","isPartOf":{"@id":"https:\/\/vintageworld.hu\/#website"},"primaryImageOfPage":{"@id":"https:\/\/vintageworld.hu\/en\/webshop\/nariel-bracelet-set\/#primaryimage"},"image":{"@id":"https:\/\/vintageworld.hu\/en\/webshop\/nariel-bracelet-set\/#primaryimage"},"thumbnailUrl":"https:\/\/vintageworld.hu\/wp-content\/uploads\/2025\/03\/nariel.jpg","datePublished":"2021-04-07T09:50:24+00:00","dateModified":"2025-04-15T16:46:16+00:00","breadcrumb":{"@id":"https:\/\/vintageworld.hu\/en\/webshop\/nariel-bracelet-set\/#breadcrumb"},"inLanguage":"en-US","potentialAction":[{"@type":"ReadAction","target":["https:\/\/vintageworld.hu\/en\/webshop\/nariel-bracelet-set\/"]}]},{"@type":"ImageObject","inLanguage":"en-US","@id":"https:\/\/vintageworld.hu\/en\/webshop\/nariel-bracelet-set\/#primaryimage","url":"https:\/\/vintageworld.hu\/wp-content\/uploads\/2025\/03\/nariel.jpg","contentUrl":"https:\/\/vintageworld.hu\/wp-content\/uploads\/2025\/03\/nariel.jpg","width":600,"height":601,"caption":"nariel"},{"@type":"BreadcrumbList","@id":"https:\/\/vintageworld.hu\/en\/webshop\/nariel-bracelet-set\/#breadcrumb","itemListElement":[{"@type":"ListItem","position":1,"name":"Kezd\u0151lap","item":"https:\/\/vintageworld.hu\/en\/"},{"@type":"ListItem","position":2,"name":"Shop","item":"https:\/\/vintageworld.hu\/shop\/"},{"@type":"ListItem","position":3,"name":"Nariel \u2013 bracelet set"}]},{"@type":"WebSite","@id":"https:\/\/vintageworld.hu\/#website","url":"https:\/\/vintageworld.hu\/","name":"Vintage World","description":"K\u00e1v\u00e9, reggeli, vir\u00e1g, web\u00e1ruh\u00e1z","publisher":{"@id":"https:\/\/vintageworld.hu\/#organization"},"potentialAction":[{"@type":"SearchAction","target":{"@type":"EntryPoint","urlTemplate":"https:\/\/vintageworld.hu\/?s={search_term_string}"},"query-input":{"@type":"PropertyValueSpecification","valueRequired":true,"valueName":"search_term_string"}}],"inLanguage":"en-US"},{"@type":"Organization","@id":"https:\/\/vintageworld.hu\/#organization","name":"Vintage World","url":"https:\/\/vintageworld.hu\/","logo":{"@type":"ImageObject","inLanguage":"en-US","@id":"https:\/\/vintageworld.hu\/#\/schema\/logo\/image\/","url":"https:\/\/vintageworld.hu\/wp-content\/uploads\/2025\/03\/site-logo.png","contentUrl":"https:\/\/vintageworld.hu\/wp-content\/uploads\/2025\/03\/site-logo.png","width":301,"height":89,"caption":"Vintage World"},"image":{"@id":"https:\/\/vintageworld.hu\/#\/schema\/logo\/image\/"}}]}},"_links":{"self":[{"href":"https:\/\/vintageworld.hu\/en\/wp-json\/wp\/v2\/product\/7671","targetHints":{"allow":["GET"]}}],"collection":[{"href":"https:\/\/vintageworld.hu\/en\/wp-json\/wp\/v2\/product"}],"about":[{"href":"https:\/\/vintageworld.hu\/en\/wp-json\/wp\/v2\/types\/product"}],"version-history":[{"count":0,"href":"https:\/\/vintageworld.hu\/en\/wp-json\/wp\/v2\/product\/7671\/revisions"}],"wp:featuredmedia":[{"embeddable":true,"href":"https:\/\/vintageworld.hu\/en\/wp-json\/wp\/v2\/media\/5405"}],"wp:attachment":[{"href":"https:\/\/vintageworld.hu\/en\/wp-json\/wp\/v2\/media?parent=7671"}],"wp:term":[{"taxonomy":"brand","embeddable":true,"href":"https:\/\/vintageworld.hu\/en\/wp-json\/wp\/v2\/etheme_brands?post=7671"},{"taxonomy":"product_brand","embeddable":true,"href":"https:\/\/vintageworld.hu\/en\/wp-json\/wp\/v2\/product_brand?post=7671"},{"taxonomy":"product_cat","embeddable":true,"href":"https:\/\/vintageworld.hu\/en\/wp-json\/wp\/v2\/product_cat?post=7671"},{"taxonomy":"product_tag","embeddable":true,"href":"https:\/\/vintageworld.hu\/en\/wp-json\/wp\/v2\/product_tag?post=7671"}],"curies":[{"name":"wp","href":"https:\/\/api.w.org\/{rel}","templated":true}]}}