{"id":7207,"date":"2021-04-06T16:02:12","date_gmt":"2021-04-06T14:02:12","guid":{"rendered":"https:\/\/vintageworld.hu\/termek\/homemade-hot-chocolate-limited-edition-caramel\/"},"modified":"2025-04-15T19:48:34","modified_gmt":"2025-04-15T17:48:34","slug":"homemade-hot-chocolate-limited-edition-caramel","status":"publish","type":"product","link":"https:\/\/vintageworld.hu\/en\/webshop\/homemade-hot-chocolate-limited-edition-caramel\/","title":{"rendered":"Homemade Hot Chocolate &#8211; Limited Edition (Caramel)"},"content":{"rendered":"<p><strong>Surprise your loved ones with this mouth-watering sweet, our caramel hot chocolate.<\/strong><\/p>\n<p>Homemade caramel hot chocolate can be a great surprise for birthdays, special occasions or even just to sweeten everyday life.<\/p>\n<p>Make yourself and let the creamy soft taste of Belgian caramel chocolate enchant you!<br \/>\nIf you are looking for a small yet special gift or want to surprise your loved ones with your friends, we strongly recommend our hot chocolate variations.<\/p>\n<p>There are two servings of hot chocolate in the bottle.<\/p>\n<p><strong>Preparation proposal:<\/strong><br \/>\nAdd the contents of the package to a maximum of 8 dl of boiled milk in a small bowl.<br \/>\nMix well to melt the lozenge and vanilla powder.<br \/>\nLet it rest for a few minutes to make a creamy, soft chocolate.<br \/>\nEat with whipped cream and marshmallows.<br \/>\nEnjoy the flavors.<\/p>\n<p><strong>Contents of the sachet:<\/strong><br \/>\nBelgian caramel chocolate<br \/>\nmarshmallows<br \/>\nvanilla powder<\/p>\n<p><strong>INGREDIENTS:<\/strong><br \/>\n\u2022 Sugar<br \/>\n\u2022 Cocoa butter<br \/>\n\u2022 Greasy milk powder<br \/>\n\u2022 Cocoa mass<br \/>\n\u2022 Emulsifier: soy lecithin<br \/>\n\u2022 Natural vanilla aroma<br \/>\n\u2022 Cocoa dry matter at least 33.6%.<\/p>\n<p><strong>Check our website for the latest products:\u00a0<a href=\"https:\/\/www.facebook.com\/vintageworldroses\/\">www.vintageworld.hu<\/a><\/strong><\/p>\n<p><strong>Our current news, latest products:\u00a0<a href=\"https:\/\/www.facebook.com\/vintageworldroses\/\">https:\/\/www.facebook.com\/vintageworldhu\/<\/a><\/strong><\/p>\n","protected":false},"excerpt":{"rendered":"<p>Surprise your loved ones with this mouth-watering sweet, our caramel hot chocolate. Homemade caramel hot chocolate can be a great surprise for birthdays, special occasions or even just to sweeten everyday life. Make yourself and let the creamy sof&#8230;<\/p>\n","protected":false},"featured_media":6671,"template":"","meta":[],"etheme_brands":[],"product_brand":[],"product_cat":[637,784,643,641],"product_tag":[],"class_list":{"0":"post-7207","1":"product","2":"type-product","3":"status-publish","4":"has-post-thumbnail","6":"product_cat-gift-ideas-for-men","7":"product_cat-gift-ideas-for-men-en3","8":"product_cat-helloo-christmas","9":"product_cat-offers-for-companies","11":"first","12":"instock","13":"taxable","14":"shipping-taxable","15":"purchasable","16":"product-type-simple"},"exclude_global_add_ons":[],"addons":[],"yoast_head":"<!-- This site is optimized with the Yoast SEO plugin v27.0 - https:\/\/yoast.com\/product\/yoast-seo-wordpress\/ -->\n<title>Homemade Hot Chocolate - Limited Edition (Caramel) - Vintage World<\/title>\n<meta name=\"robots\" content=\"index, follow, max-snippet:-1, max-image-preview:large, max-video-preview:-1\" \/>\n<link rel=\"canonical\" href=\"https:\/\/vintageworld.hu\/en\/webshop\/homemade-hot-chocolate-limited-edition-caramel\/\" \/>\n<meta property=\"og:locale\" content=\"en_US\" \/>\n<meta property=\"og:type\" content=\"article\" \/>\n<meta property=\"og:title\" content=\"Homemade Hot Chocolate - Limited Edition (Caramel) - Vintage World\" \/>\n<meta property=\"og:description\" content=\"Surprise your loved ones with this mouth-watering sweet, our caramel hot chocolate. Homemade caramel hot chocolate can be a great surprise for birthdays, special occasions or even just to sweeten everyday life. Make yourself and let the creamy sof...\" \/>\n<meta property=\"og:url\" content=\"https:\/\/vintageworld.hu\/en\/webshop\/homemade-hot-chocolate-limited-edition-caramel\/\" \/>\n<meta property=\"og:site_name\" content=\"Vintage World\" \/>\n<meta property=\"article:modified_time\" content=\"2025-04-15T17:48:34+00:00\" \/>\n<meta property=\"og:image\" content=\"https:\/\/vintageworld.hu\/wp-content\/uploads\/2025\/04\/karamellas-uveges-forro-csoki.jpg\" \/>\n\t<meta property=\"og:image:width\" content=\"600\" \/>\n\t<meta property=\"og:image:height\" content=\"600\" \/>\n\t<meta property=\"og:image:type\" content=\"image\/jpeg\" \/>\n<meta name=\"twitter:card\" content=\"summary_large_image\" \/>\n<meta name=\"twitter:label1\" content=\"Est. reading time\" \/>\n\t<meta name=\"twitter:data1\" content=\"1 minute\" \/>\n<script type=\"application\/ld+json\" class=\"yoast-schema-graph\">{\"@context\":\"https:\/\/schema.org\",\"@graph\":[{\"@type\":\"WebPage\",\"@id\":\"https:\/\/vintageworld.hu\/en\/webshop\/homemade-hot-chocolate-limited-edition-caramel\/\",\"url\":\"https:\/\/vintageworld.hu\/en\/webshop\/homemade-hot-chocolate-limited-edition-caramel\/\",\"name\":\"Homemade Hot Chocolate - Limited Edition (Caramel) - Vintage World\",\"isPartOf\":{\"@id\":\"https:\/\/vintageworld.hu\/#website\"},\"primaryImageOfPage\":{\"@id\":\"https:\/\/vintageworld.hu\/en\/webshop\/homemade-hot-chocolate-limited-edition-caramel\/#primaryimage\"},\"image\":{\"@id\":\"https:\/\/vintageworld.hu\/en\/webshop\/homemade-hot-chocolate-limited-edition-caramel\/#primaryimage\"},\"thumbnailUrl\":\"https:\/\/vintageworld.hu\/wp-content\/uploads\/2025\/04\/karamellas-uveges-forro-csoki.jpg\",\"datePublished\":\"2021-04-06T14:02:12+00:00\",\"dateModified\":\"2025-04-15T17:48:34+00:00\",\"breadcrumb\":{\"@id\":\"https:\/\/vintageworld.hu\/en\/webshop\/homemade-hot-chocolate-limited-edition-caramel\/#breadcrumb\"},\"inLanguage\":\"en-US\",\"potentialAction\":[{\"@type\":\"ReadAction\",\"target\":[\"https:\/\/vintageworld.hu\/en\/webshop\/homemade-hot-chocolate-limited-edition-caramel\/\"]}]},{\"@type\":\"ImageObject\",\"inLanguage\":\"en-US\",\"@id\":\"https:\/\/vintageworld.hu\/en\/webshop\/homemade-hot-chocolate-limited-edition-caramel\/#primaryimage\",\"url\":\"https:\/\/vintageworld.hu\/wp-content\/uploads\/2025\/04\/karamellas-uveges-forro-csoki.jpg\",\"contentUrl\":\"https:\/\/vintageworld.hu\/wp-content\/uploads\/2025\/04\/karamellas-uveges-forro-csoki.jpg\",\"width\":600,\"height\":600},{\"@type\":\"BreadcrumbList\",\"@id\":\"https:\/\/vintageworld.hu\/en\/webshop\/homemade-hot-chocolate-limited-edition-caramel\/#breadcrumb\",\"itemListElement\":[{\"@type\":\"ListItem\",\"position\":1,\"name\":\"Kezd\u0151lap\",\"item\":\"https:\/\/vintageworld.hu\/en\/\"},{\"@type\":\"ListItem\",\"position\":2,\"name\":\"Shop\",\"item\":\"https:\/\/vintageworld.hu\/shop\/\"},{\"@type\":\"ListItem\",\"position\":3,\"name\":\"Homemade Hot Chocolate &#8211; Limited Edition (Caramel)\"}]},{\"@type\":\"WebSite\",\"@id\":\"https:\/\/vintageworld.hu\/#website\",\"url\":\"https:\/\/vintageworld.hu\/\",\"name\":\"Vintage World\",\"description\":\"K\u00e1v\u00e9, reggeli, vir\u00e1g, web\u00e1ruh\u00e1z\",\"publisher\":{\"@id\":\"https:\/\/vintageworld.hu\/#organization\"},\"potentialAction\":[{\"@type\":\"SearchAction\",\"target\":{\"@type\":\"EntryPoint\",\"urlTemplate\":\"https:\/\/vintageworld.hu\/?s={search_term_string}\"},\"query-input\":{\"@type\":\"PropertyValueSpecification\",\"valueRequired\":true,\"valueName\":\"search_term_string\"}}],\"inLanguage\":\"en-US\"},{\"@type\":\"Organization\",\"@id\":\"https:\/\/vintageworld.hu\/#organization\",\"name\":\"Vintage World\",\"url\":\"https:\/\/vintageworld.hu\/\",\"logo\":{\"@type\":\"ImageObject\",\"inLanguage\":\"en-US\",\"@id\":\"https:\/\/vintageworld.hu\/#\/schema\/logo\/image\/\",\"url\":\"https:\/\/vintageworld.hu\/wp-content\/uploads\/2025\/03\/site-logo.png\",\"contentUrl\":\"https:\/\/vintageworld.hu\/wp-content\/uploads\/2025\/03\/site-logo.png\",\"width\":301,\"height\":89,\"caption\":\"Vintage World\"},\"image\":{\"@id\":\"https:\/\/vintageworld.hu\/#\/schema\/logo\/image\/\"}}]}<\/script>\n<!-- \/ Yoast SEO plugin. -->","yoast_head_json":{"title":"Homemade Hot Chocolate - Limited Edition (Caramel) - Vintage World","robots":{"index":"index","follow":"follow","max-snippet":"max-snippet:-1","max-image-preview":"max-image-preview:large","max-video-preview":"max-video-preview:-1"},"canonical":"https:\/\/vintageworld.hu\/en\/webshop\/homemade-hot-chocolate-limited-edition-caramel\/","og_locale":"en_US","og_type":"article","og_title":"Homemade Hot Chocolate - Limited Edition (Caramel) - Vintage World","og_description":"Surprise your loved ones with this mouth-watering sweet, our caramel hot chocolate. Homemade caramel hot chocolate can be a great surprise for birthdays, special occasions or even just to sweeten everyday life. Make yourself and let the creamy sof...","og_url":"https:\/\/vintageworld.hu\/en\/webshop\/homemade-hot-chocolate-limited-edition-caramel\/","og_site_name":"Vintage World","article_modified_time":"2025-04-15T17:48:34+00:00","og_image":[{"width":600,"height":600,"url":"https:\/\/vintageworld.hu\/wp-content\/uploads\/2025\/04\/karamellas-uveges-forro-csoki.jpg","type":"image\/jpeg"}],"twitter_card":"summary_large_image","twitter_misc":{"Est. reading time":"1 minute"},"schema":{"@context":"https:\/\/schema.org","@graph":[{"@type":"WebPage","@id":"https:\/\/vintageworld.hu\/en\/webshop\/homemade-hot-chocolate-limited-edition-caramel\/","url":"https:\/\/vintageworld.hu\/en\/webshop\/homemade-hot-chocolate-limited-edition-caramel\/","name":"Homemade Hot Chocolate - Limited Edition (Caramel) - Vintage World","isPartOf":{"@id":"https:\/\/vintageworld.hu\/#website"},"primaryImageOfPage":{"@id":"https:\/\/vintageworld.hu\/en\/webshop\/homemade-hot-chocolate-limited-edition-caramel\/#primaryimage"},"image":{"@id":"https:\/\/vintageworld.hu\/en\/webshop\/homemade-hot-chocolate-limited-edition-caramel\/#primaryimage"},"thumbnailUrl":"https:\/\/vintageworld.hu\/wp-content\/uploads\/2025\/04\/karamellas-uveges-forro-csoki.jpg","datePublished":"2021-04-06T14:02:12+00:00","dateModified":"2025-04-15T17:48:34+00:00","breadcrumb":{"@id":"https:\/\/vintageworld.hu\/en\/webshop\/homemade-hot-chocolate-limited-edition-caramel\/#breadcrumb"},"inLanguage":"en-US","potentialAction":[{"@type":"ReadAction","target":["https:\/\/vintageworld.hu\/en\/webshop\/homemade-hot-chocolate-limited-edition-caramel\/"]}]},{"@type":"ImageObject","inLanguage":"en-US","@id":"https:\/\/vintageworld.hu\/en\/webshop\/homemade-hot-chocolate-limited-edition-caramel\/#primaryimage","url":"https:\/\/vintageworld.hu\/wp-content\/uploads\/2025\/04\/karamellas-uveges-forro-csoki.jpg","contentUrl":"https:\/\/vintageworld.hu\/wp-content\/uploads\/2025\/04\/karamellas-uveges-forro-csoki.jpg","width":600,"height":600},{"@type":"BreadcrumbList","@id":"https:\/\/vintageworld.hu\/en\/webshop\/homemade-hot-chocolate-limited-edition-caramel\/#breadcrumb","itemListElement":[{"@type":"ListItem","position":1,"name":"Kezd\u0151lap","item":"https:\/\/vintageworld.hu\/en\/"},{"@type":"ListItem","position":2,"name":"Shop","item":"https:\/\/vintageworld.hu\/shop\/"},{"@type":"ListItem","position":3,"name":"Homemade Hot Chocolate &#8211; Limited Edition (Caramel)"}]},{"@type":"WebSite","@id":"https:\/\/vintageworld.hu\/#website","url":"https:\/\/vintageworld.hu\/","name":"Vintage World","description":"K\u00e1v\u00e9, reggeli, vir\u00e1g, web\u00e1ruh\u00e1z","publisher":{"@id":"https:\/\/vintageworld.hu\/#organization"},"potentialAction":[{"@type":"SearchAction","target":{"@type":"EntryPoint","urlTemplate":"https:\/\/vintageworld.hu\/?s={search_term_string}"},"query-input":{"@type":"PropertyValueSpecification","valueRequired":true,"valueName":"search_term_string"}}],"inLanguage":"en-US"},{"@type":"Organization","@id":"https:\/\/vintageworld.hu\/#organization","name":"Vintage World","url":"https:\/\/vintageworld.hu\/","logo":{"@type":"ImageObject","inLanguage":"en-US","@id":"https:\/\/vintageworld.hu\/#\/schema\/logo\/image\/","url":"https:\/\/vintageworld.hu\/wp-content\/uploads\/2025\/03\/site-logo.png","contentUrl":"https:\/\/vintageworld.hu\/wp-content\/uploads\/2025\/03\/site-logo.png","width":301,"height":89,"caption":"Vintage World"},"image":{"@id":"https:\/\/vintageworld.hu\/#\/schema\/logo\/image\/"}}]}},"_links":{"self":[{"href":"https:\/\/vintageworld.hu\/en\/wp-json\/wp\/v2\/product\/7207","targetHints":{"allow":["GET"]}}],"collection":[{"href":"https:\/\/vintageworld.hu\/en\/wp-json\/wp\/v2\/product"}],"about":[{"href":"https:\/\/vintageworld.hu\/en\/wp-json\/wp\/v2\/types\/product"}],"version-history":[{"count":0,"href":"https:\/\/vintageworld.hu\/en\/wp-json\/wp\/v2\/product\/7207\/revisions"}],"wp:featuredmedia":[{"embeddable":true,"href":"https:\/\/vintageworld.hu\/en\/wp-json\/wp\/v2\/media\/6671"}],"wp:attachment":[{"href":"https:\/\/vintageworld.hu\/en\/wp-json\/wp\/v2\/media?parent=7207"}],"wp:term":[{"taxonomy":"brand","embeddable":true,"href":"https:\/\/vintageworld.hu\/en\/wp-json\/wp\/v2\/etheme_brands?post=7207"},{"taxonomy":"product_brand","embeddable":true,"href":"https:\/\/vintageworld.hu\/en\/wp-json\/wp\/v2\/product_brand?post=7207"},{"taxonomy":"product_cat","embeddable":true,"href":"https:\/\/vintageworld.hu\/en\/wp-json\/wp\/v2\/product_cat?post=7207"},{"taxonomy":"product_tag","embeddable":true,"href":"https:\/\/vintageworld.hu\/en\/wp-json\/wp\/v2\/product_tag?post=7207"}],"curies":[{"name":"wp","href":"https:\/\/api.w.org\/{rel}","templated":true}]}}