{"id":6989,"date":"2021-04-06T07:10:03","date_gmt":"2021-04-06T05:10:03","guid":{"rendered":"https:\/\/vintageworld.hu\/termek\/vintage-world-tea-mug\/"},"modified":"2025-04-10T16:30:10","modified_gmt":"2025-04-10T14:30:10","slug":"vintage-world-tea-mug","status":"publish","type":"product","link":"https:\/\/vintageworld.hu\/en\/webshop\/vintage-world-tea-mug\/","title":{"rendered":"Vintage World tea mug"},"content":{"rendered":"<p>Choose our Vintage World tea mug, which will only make our tea with a unique taste even better.<\/p>\n<p><strong>Check our website for the latest products:\u00a0<a href=\"https:\/\/www.facebook.com\/vintageworldroses\/\">www.vintageworld.hu<\/a><\/strong><\/p>\n<p><strong>Our current news, latest products:\u00a0<a href=\"https:\/\/www.facebook.com\/vintageworldroses\/\">https:\/\/www.facebook.com\/vintageworldhu\/<\/a><\/strong><\/p>\n","protected":false},"excerpt":{"rendered":"<p>Choose our Vintage World tea mug, which will only make our tea with a unique taste even better. Check our website for the latest products:\u00a0www.vintageworld.hu Our current news, latest products:\u00a0https:\/\/www.facebook.com\/vintageworldhu\/<\/p>\n","protected":false},"featured_media":6853,"template":"","meta":[],"etheme_brands":[],"product_brand":[],"product_cat":[637,638],"product_tag":[],"class_list":{"0":"post-6989","1":"product","2":"type-product","3":"status-publish","4":"has-post-thumbnail","6":"product_cat-gift-ideas-for-men","7":"product_cat-tea-specialties","9":"first","10":"instock","11":"taxable","12":"shipping-taxable","13":"purchasable","14":"product-type-simple"},"exclude_global_add_ons":[],"addons":[],"yoast_head":"<!-- This site is optimized with the Yoast SEO plugin v27.0 - https:\/\/yoast.com\/product\/yoast-seo-wordpress\/ -->\n<title>Vintage World tea mug - Vintage World<\/title>\n<meta name=\"robots\" content=\"index, follow, max-snippet:-1, max-image-preview:large, max-video-preview:-1\" \/>\n<link rel=\"canonical\" href=\"https:\/\/vintageworld.hu\/en\/webshop\/vintage-world-tea-mug\/\" \/>\n<meta property=\"og:locale\" content=\"en_US\" \/>\n<meta property=\"og:type\" content=\"article\" \/>\n<meta property=\"og:title\" content=\"Vintage World tea mug - Vintage World\" \/>\n<meta property=\"og:description\" content=\"Choose our Vintage World tea mug, which will only make our tea with a unique taste even better. Check our website for the latest products:\u00a0www.vintageworld.hu Our current news, latest products:\u00a0https:\/\/www.facebook.com\/vintageworldhu\/\" \/>\n<meta property=\"og:url\" content=\"https:\/\/vintageworld.hu\/en\/webshop\/vintage-world-tea-mug\/\" \/>\n<meta property=\"og:site_name\" content=\"Vintage World\" \/>\n<meta property=\"article:modified_time\" content=\"2025-04-10T14:30:10+00:00\" \/>\n<meta property=\"og:image\" content=\"https:\/\/vintageworld.hu\/wp-content\/uploads\/2025\/04\/teas-bogre-e1624870024306.jpg\" \/>\n\t<meta property=\"og:image:width\" content=\"600\" \/>\n\t<meta property=\"og:image:height\" content=\"600\" \/>\n\t<meta property=\"og:image:type\" content=\"image\/jpeg\" \/>\n<meta name=\"twitter:card\" content=\"summary_large_image\" \/>\n<script type=\"application\/ld+json\" class=\"yoast-schema-graph\">{\"@context\":\"https:\/\/schema.org\",\"@graph\":[{\"@type\":\"WebPage\",\"@id\":\"https:\/\/vintageworld.hu\/en\/webshop\/vintage-world-tea-mug\/\",\"url\":\"https:\/\/vintageworld.hu\/en\/webshop\/vintage-world-tea-mug\/\",\"name\":\"Vintage World tea mug - Vintage World\",\"isPartOf\":{\"@id\":\"https:\/\/vintageworld.hu\/#website\"},\"primaryImageOfPage\":{\"@id\":\"https:\/\/vintageworld.hu\/en\/webshop\/vintage-world-tea-mug\/#primaryimage\"},\"image\":{\"@id\":\"https:\/\/vintageworld.hu\/en\/webshop\/vintage-world-tea-mug\/#primaryimage\"},\"thumbnailUrl\":\"https:\/\/vintageworld.hu\/wp-content\/uploads\/2025\/04\/teas-bogre-e1624870024306.jpg\",\"datePublished\":\"2021-04-06T05:10:03+00:00\",\"dateModified\":\"2025-04-10T14:30:10+00:00\",\"breadcrumb\":{\"@id\":\"https:\/\/vintageworld.hu\/en\/webshop\/vintage-world-tea-mug\/#breadcrumb\"},\"inLanguage\":\"en-US\",\"potentialAction\":[{\"@type\":\"ReadAction\",\"target\":[\"https:\/\/vintageworld.hu\/en\/webshop\/vintage-world-tea-mug\/\"]}]},{\"@type\":\"ImageObject\",\"inLanguage\":\"en-US\",\"@id\":\"https:\/\/vintageworld.hu\/en\/webshop\/vintage-world-tea-mug\/#primaryimage\",\"url\":\"https:\/\/vintageworld.hu\/wp-content\/uploads\/2025\/04\/teas-bogre-e1624870024306.jpg\",\"contentUrl\":\"https:\/\/vintageworld.hu\/wp-content\/uploads\/2025\/04\/teas-bogre-e1624870024306.jpg\",\"width\":600,\"height\":600},{\"@type\":\"BreadcrumbList\",\"@id\":\"https:\/\/vintageworld.hu\/en\/webshop\/vintage-world-tea-mug\/#breadcrumb\",\"itemListElement\":[{\"@type\":\"ListItem\",\"position\":1,\"name\":\"Kezd\u0151lap\",\"item\":\"https:\/\/vintageworld.hu\/en\/\"},{\"@type\":\"ListItem\",\"position\":2,\"name\":\"Shop\",\"item\":\"https:\/\/vintageworld.hu\/shop\/\"},{\"@type\":\"ListItem\",\"position\":3,\"name\":\"Vintage World tea mug\"}]},{\"@type\":\"WebSite\",\"@id\":\"https:\/\/vintageworld.hu\/#website\",\"url\":\"https:\/\/vintageworld.hu\/\",\"name\":\"Vintage World\",\"description\":\"K\u00e1v\u00e9, reggeli, vir\u00e1g, web\u00e1ruh\u00e1z\",\"publisher\":{\"@id\":\"https:\/\/vintageworld.hu\/#organization\"},\"potentialAction\":[{\"@type\":\"SearchAction\",\"target\":{\"@type\":\"EntryPoint\",\"urlTemplate\":\"https:\/\/vintageworld.hu\/?s={search_term_string}\"},\"query-input\":{\"@type\":\"PropertyValueSpecification\",\"valueRequired\":true,\"valueName\":\"search_term_string\"}}],\"inLanguage\":\"en-US\"},{\"@type\":\"Organization\",\"@id\":\"https:\/\/vintageworld.hu\/#organization\",\"name\":\"Vintage World\",\"url\":\"https:\/\/vintageworld.hu\/\",\"logo\":{\"@type\":\"ImageObject\",\"inLanguage\":\"en-US\",\"@id\":\"https:\/\/vintageworld.hu\/#\/schema\/logo\/image\/\",\"url\":\"https:\/\/vintageworld.hu\/wp-content\/uploads\/2025\/03\/site-logo.png\",\"contentUrl\":\"https:\/\/vintageworld.hu\/wp-content\/uploads\/2025\/03\/site-logo.png\",\"width\":301,\"height\":89,\"caption\":\"Vintage World\"},\"image\":{\"@id\":\"https:\/\/vintageworld.hu\/#\/schema\/logo\/image\/\"}}]}<\/script>\n<!-- \/ Yoast SEO plugin. -->","yoast_head_json":{"title":"Vintage World tea mug - Vintage World","robots":{"index":"index","follow":"follow","max-snippet":"max-snippet:-1","max-image-preview":"max-image-preview:large","max-video-preview":"max-video-preview:-1"},"canonical":"https:\/\/vintageworld.hu\/en\/webshop\/vintage-world-tea-mug\/","og_locale":"en_US","og_type":"article","og_title":"Vintage World tea mug - Vintage World","og_description":"Choose our Vintage World tea mug, which will only make our tea with a unique taste even better. Check our website for the latest products:\u00a0www.vintageworld.hu Our current news, latest products:\u00a0https:\/\/www.facebook.com\/vintageworldhu\/","og_url":"https:\/\/vintageworld.hu\/en\/webshop\/vintage-world-tea-mug\/","og_site_name":"Vintage World","article_modified_time":"2025-04-10T14:30:10+00:00","og_image":[{"width":600,"height":600,"url":"https:\/\/vintageworld.hu\/wp-content\/uploads\/2025\/04\/teas-bogre-e1624870024306.jpg","type":"image\/jpeg"}],"twitter_card":"summary_large_image","schema":{"@context":"https:\/\/schema.org","@graph":[{"@type":"WebPage","@id":"https:\/\/vintageworld.hu\/en\/webshop\/vintage-world-tea-mug\/","url":"https:\/\/vintageworld.hu\/en\/webshop\/vintage-world-tea-mug\/","name":"Vintage World tea mug - Vintage World","isPartOf":{"@id":"https:\/\/vintageworld.hu\/#website"},"primaryImageOfPage":{"@id":"https:\/\/vintageworld.hu\/en\/webshop\/vintage-world-tea-mug\/#primaryimage"},"image":{"@id":"https:\/\/vintageworld.hu\/en\/webshop\/vintage-world-tea-mug\/#primaryimage"},"thumbnailUrl":"https:\/\/vintageworld.hu\/wp-content\/uploads\/2025\/04\/teas-bogre-e1624870024306.jpg","datePublished":"2021-04-06T05:10:03+00:00","dateModified":"2025-04-10T14:30:10+00:00","breadcrumb":{"@id":"https:\/\/vintageworld.hu\/en\/webshop\/vintage-world-tea-mug\/#breadcrumb"},"inLanguage":"en-US","potentialAction":[{"@type":"ReadAction","target":["https:\/\/vintageworld.hu\/en\/webshop\/vintage-world-tea-mug\/"]}]},{"@type":"ImageObject","inLanguage":"en-US","@id":"https:\/\/vintageworld.hu\/en\/webshop\/vintage-world-tea-mug\/#primaryimage","url":"https:\/\/vintageworld.hu\/wp-content\/uploads\/2025\/04\/teas-bogre-e1624870024306.jpg","contentUrl":"https:\/\/vintageworld.hu\/wp-content\/uploads\/2025\/04\/teas-bogre-e1624870024306.jpg","width":600,"height":600},{"@type":"BreadcrumbList","@id":"https:\/\/vintageworld.hu\/en\/webshop\/vintage-world-tea-mug\/#breadcrumb","itemListElement":[{"@type":"ListItem","position":1,"name":"Kezd\u0151lap","item":"https:\/\/vintageworld.hu\/en\/"},{"@type":"ListItem","position":2,"name":"Shop","item":"https:\/\/vintageworld.hu\/shop\/"},{"@type":"ListItem","position":3,"name":"Vintage World tea mug"}]},{"@type":"WebSite","@id":"https:\/\/vintageworld.hu\/#website","url":"https:\/\/vintageworld.hu\/","name":"Vintage World","description":"K\u00e1v\u00e9, reggeli, vir\u00e1g, web\u00e1ruh\u00e1z","publisher":{"@id":"https:\/\/vintageworld.hu\/#organization"},"potentialAction":[{"@type":"SearchAction","target":{"@type":"EntryPoint","urlTemplate":"https:\/\/vintageworld.hu\/?s={search_term_string}"},"query-input":{"@type":"PropertyValueSpecification","valueRequired":true,"valueName":"search_term_string"}}],"inLanguage":"en-US"},{"@type":"Organization","@id":"https:\/\/vintageworld.hu\/#organization","name":"Vintage World","url":"https:\/\/vintageworld.hu\/","logo":{"@type":"ImageObject","inLanguage":"en-US","@id":"https:\/\/vintageworld.hu\/#\/schema\/logo\/image\/","url":"https:\/\/vintageworld.hu\/wp-content\/uploads\/2025\/03\/site-logo.png","contentUrl":"https:\/\/vintageworld.hu\/wp-content\/uploads\/2025\/03\/site-logo.png","width":301,"height":89,"caption":"Vintage World"},"image":{"@id":"https:\/\/vintageworld.hu\/#\/schema\/logo\/image\/"}}]}},"_links":{"self":[{"href":"https:\/\/vintageworld.hu\/en\/wp-json\/wp\/v2\/product\/6989","targetHints":{"allow":["GET"]}}],"collection":[{"href":"https:\/\/vintageworld.hu\/en\/wp-json\/wp\/v2\/product"}],"about":[{"href":"https:\/\/vintageworld.hu\/en\/wp-json\/wp\/v2\/types\/product"}],"version-history":[{"count":0,"href":"https:\/\/vintageworld.hu\/en\/wp-json\/wp\/v2\/product\/6989\/revisions"}],"wp:featuredmedia":[{"embeddable":true,"href":"https:\/\/vintageworld.hu\/en\/wp-json\/wp\/v2\/media\/6853"}],"wp:attachment":[{"href":"https:\/\/vintageworld.hu\/en\/wp-json\/wp\/v2\/media?parent=6989"}],"wp:term":[{"taxonomy":"brand","embeddable":true,"href":"https:\/\/vintageworld.hu\/en\/wp-json\/wp\/v2\/etheme_brands?post=6989"},{"taxonomy":"product_brand","embeddable":true,"href":"https:\/\/vintageworld.hu\/en\/wp-json\/wp\/v2\/product_brand?post=6989"},{"taxonomy":"product_cat","embeddable":true,"href":"https:\/\/vintageworld.hu\/en\/wp-json\/wp\/v2\/product_cat?post=6989"},{"taxonomy":"product_tag","embeddable":true,"href":"https:\/\/vintageworld.hu\/en\/wp-json\/wp\/v2\/product_tag?post=6989"}],"curies":[{"name":"wp","href":"https:\/\/api.w.org\/{rel}","templated":true}]}}