{"id":6981,"date":"2021-04-06T06:41:43","date_gmt":"2021-04-06T04:41:43","guid":{"rendered":"https:\/\/vintageworld.hu\/termek\/new-york-9-pieces-rosebox\/"},"modified":"2025-04-15T18:43:43","modified_gmt":"2025-04-15T16:43:43","slug":"new-york-9-pieces-rosebox","status":"publish","type":"product","link":"https:\/\/vintageworld.hu\/en\/webshop\/new-york-9-pieces-rosebox\/","title":{"rendered":"New York &#8211; 9 pieces of rosebox"},"content":{"rendered":"<h5><strong>Handmade 9 pieces New York rose box made of pink foam roses in a white box.<\/strong><\/h5>\n<p>How did you feel when you first visit New York city? Were you excited while breathing in the streets of Manhattan? Did you feel that Times Square gives vibes that you&#8217;ve never felt before?<\/p>\n<p>New York is the city of dreams: energetic, lovely and beautiful just like our 35 pieces foam rose box with it&#8217;s classy powder pink flowers in a stylish white box.<\/p>\n<p>The foam box is made individually and by hand in every process of production. The New York rose box can be an excellent gift idea for special occasions. Graduation, Mother&#8217;s Day, Valentine&#8217;s Day and other special events.<\/p>\n<h5><strong>What is a foam rose?<\/strong><\/h5>\n<p>However, it differs significantly from artificial flowers in the traditional sense.<br \/>\nFoam roses are made by a special process, foaming of polyfoam plastic.<br \/>\nThanks to the procedure, the flower heads are very similiar to the live ones<br \/>\nOf course, they can\u2019t lend the scent of roses, but their big advantage over live roses is that they don\u2019t wither in days, retain their beauty for long decades, and the memory of the occasion, the gift.<\/p>\n<p><strong>Check our website for the latest products:\u00a0<a href=\"http:\/\/www.vintageworld.hu\">www.vintageworld.hu<\/a><\/strong><\/p>\n<p><strong>Our current news, latest products:\u00a0<a href=\"https:\/\/www.facebook.com\/vintageworld.hu\/\">https:\/\/www.facebook.com\/vintageworldhu\/<\/a><\/strong><\/p>\n","protected":false},"excerpt":{"rendered":"<h5><strong>9 pieces of roses:<\/strong><\/h5>\n<ul>\n<li>Rose color: pink<\/li>\n<li>Box color: white<\/li>\n<li>Weight: 135g<\/li>\n<li>Width: 12 cm<\/li>\n<li>Height: 12 cm<\/li>\n<\/ul>\n","protected":false},"featured_media":3560,"template":"","meta":[],"etheme_brands":[],"product_brand":[],"product_cat":[801,635],"product_tag":[],"class_list":{"0":"post-6981","1":"product","2":"type-product","3":"status-publish","4":"has-post-thumbnail","6":"product_cat-roseboxes-en-2","7":"product_cat-roseboxes","9":"first","10":"instock","11":"taxable","12":"shipping-taxable","13":"purchasable","14":"product-type-simple"},"exclude_global_add_ons":[],"addons":[],"yoast_head":"<!-- This site is optimized with the Yoast SEO plugin v27.0 - https:\/\/yoast.com\/product\/yoast-seo-wordpress\/ -->\n<title>New York - 9 pieces of rosebox - Vintage World<\/title>\n<meta name=\"robots\" content=\"index, follow, max-snippet:-1, max-image-preview:large, max-video-preview:-1\" \/>\n<link rel=\"canonical\" href=\"https:\/\/vintageworld.hu\/en\/webshop\/new-york-9-pieces-rosebox\/\" \/>\n<meta property=\"og:locale\" content=\"en_US\" \/>\n<meta property=\"og:type\" content=\"article\" \/>\n<meta property=\"og:title\" content=\"New York - 9 pieces of rosebox - Vintage World\" \/>\n<meta property=\"og:description\" content=\"9 pieces of roses:  Rose color: pink  Box color: white  Weight: 135g  Width: 12 cm  Height: 12 cm\" \/>\n<meta property=\"og:url\" content=\"https:\/\/vintageworld.hu\/en\/webshop\/new-york-9-pieces-rosebox\/\" \/>\n<meta property=\"og:site_name\" content=\"Vintage World\" \/>\n<meta property=\"article:modified_time\" content=\"2025-04-15T16:43:43+00:00\" \/>\n<meta property=\"og:image\" content=\"https:\/\/vintageworld.hu\/wp-content\/uploads\/2025\/03\/new_york_9_a_viragdoboz.jpg\" \/>\n\t<meta property=\"og:image:width\" content=\"500\" \/>\n\t<meta property=\"og:image:height\" content=\"501\" \/>\n\t<meta property=\"og:image:type\" content=\"image\/jpeg\" \/>\n<meta name=\"twitter:card\" content=\"summary_large_image\" \/>\n<meta name=\"twitter:label1\" content=\"Est. reading time\" \/>\n\t<meta name=\"twitter:data1\" content=\"1 minute\" \/>\n<script type=\"application\/ld+json\" class=\"yoast-schema-graph\">{\"@context\":\"https:\/\/schema.org\",\"@graph\":[{\"@type\":\"WebPage\",\"@id\":\"https:\/\/vintageworld.hu\/en\/webshop\/new-york-9-pieces-rosebox\/\",\"url\":\"https:\/\/vintageworld.hu\/en\/webshop\/new-york-9-pieces-rosebox\/\",\"name\":\"New York - 9 pieces of rosebox - Vintage World\",\"isPartOf\":{\"@id\":\"https:\/\/vintageworld.hu\/#website\"},\"primaryImageOfPage\":{\"@id\":\"https:\/\/vintageworld.hu\/en\/webshop\/new-york-9-pieces-rosebox\/#primaryimage\"},\"image\":{\"@id\":\"https:\/\/vintageworld.hu\/en\/webshop\/new-york-9-pieces-rosebox\/#primaryimage\"},\"thumbnailUrl\":\"https:\/\/vintageworld.hu\/wp-content\/uploads\/2025\/03\/new_york_9_a_viragdoboz.jpg\",\"datePublished\":\"2021-04-06T04:41:43+00:00\",\"dateModified\":\"2025-04-15T16:43:43+00:00\",\"breadcrumb\":{\"@id\":\"https:\/\/vintageworld.hu\/en\/webshop\/new-york-9-pieces-rosebox\/#breadcrumb\"},\"inLanguage\":\"en-US\",\"potentialAction\":[{\"@type\":\"ReadAction\",\"target\":[\"https:\/\/vintageworld.hu\/en\/webshop\/new-york-9-pieces-rosebox\/\"]}]},{\"@type\":\"ImageObject\",\"inLanguage\":\"en-US\",\"@id\":\"https:\/\/vintageworld.hu\/en\/webshop\/new-york-9-pieces-rosebox\/#primaryimage\",\"url\":\"https:\/\/vintageworld.hu\/wp-content\/uploads\/2025\/03\/new_york_9_a_viragdoboz.jpg\",\"contentUrl\":\"https:\/\/vintageworld.hu\/wp-content\/uploads\/2025\/03\/new_york_9_a_viragdoboz.jpg\",\"width\":500,\"height\":501,\"caption\":\"vir\u00e1gdoboz r\u00f3zsadoboz\"},{\"@type\":\"BreadcrumbList\",\"@id\":\"https:\/\/vintageworld.hu\/en\/webshop\/new-york-9-pieces-rosebox\/#breadcrumb\",\"itemListElement\":[{\"@type\":\"ListItem\",\"position\":1,\"name\":\"Kezd\u0151lap\",\"item\":\"https:\/\/vintageworld.hu\/en\/\"},{\"@type\":\"ListItem\",\"position\":2,\"name\":\"Shop\",\"item\":\"https:\/\/vintageworld.hu\/shop\/\"},{\"@type\":\"ListItem\",\"position\":3,\"name\":\"New York &#8211; 9 pieces of rosebox\"}]},{\"@type\":\"WebSite\",\"@id\":\"https:\/\/vintageworld.hu\/#website\",\"url\":\"https:\/\/vintageworld.hu\/\",\"name\":\"Vintage World\",\"description\":\"K\u00e1v\u00e9, reggeli, vir\u00e1g, web\u00e1ruh\u00e1z\",\"publisher\":{\"@id\":\"https:\/\/vintageworld.hu\/#organization\"},\"potentialAction\":[{\"@type\":\"SearchAction\",\"target\":{\"@type\":\"EntryPoint\",\"urlTemplate\":\"https:\/\/vintageworld.hu\/?s={search_term_string}\"},\"query-input\":{\"@type\":\"PropertyValueSpecification\",\"valueRequired\":true,\"valueName\":\"search_term_string\"}}],\"inLanguage\":\"en-US\"},{\"@type\":\"Organization\",\"@id\":\"https:\/\/vintageworld.hu\/#organization\",\"name\":\"Vintage World\",\"url\":\"https:\/\/vintageworld.hu\/\",\"logo\":{\"@type\":\"ImageObject\",\"inLanguage\":\"en-US\",\"@id\":\"https:\/\/vintageworld.hu\/#\/schema\/logo\/image\/\",\"url\":\"https:\/\/vintageworld.hu\/wp-content\/uploads\/2025\/03\/site-logo.png\",\"contentUrl\":\"https:\/\/vintageworld.hu\/wp-content\/uploads\/2025\/03\/site-logo.png\",\"width\":301,\"height\":89,\"caption\":\"Vintage World\"},\"image\":{\"@id\":\"https:\/\/vintageworld.hu\/#\/schema\/logo\/image\/\"}}]}<\/script>\n<!-- \/ Yoast SEO plugin. -->","yoast_head_json":{"title":"New York - 9 pieces of rosebox - Vintage World","robots":{"index":"index","follow":"follow","max-snippet":"max-snippet:-1","max-image-preview":"max-image-preview:large","max-video-preview":"max-video-preview:-1"},"canonical":"https:\/\/vintageworld.hu\/en\/webshop\/new-york-9-pieces-rosebox\/","og_locale":"en_US","og_type":"article","og_title":"New York - 9 pieces of rosebox - Vintage World","og_description":"9 pieces of roses:  Rose color: pink  Box color: white  Weight: 135g  Width: 12 cm  Height: 12 cm","og_url":"https:\/\/vintageworld.hu\/en\/webshop\/new-york-9-pieces-rosebox\/","og_site_name":"Vintage World","article_modified_time":"2025-04-15T16:43:43+00:00","og_image":[{"width":500,"height":501,"url":"https:\/\/vintageworld.hu\/wp-content\/uploads\/2025\/03\/new_york_9_a_viragdoboz.jpg","type":"image\/jpeg"}],"twitter_card":"summary_large_image","twitter_misc":{"Est. reading time":"1 minute"},"schema":{"@context":"https:\/\/schema.org","@graph":[{"@type":"WebPage","@id":"https:\/\/vintageworld.hu\/en\/webshop\/new-york-9-pieces-rosebox\/","url":"https:\/\/vintageworld.hu\/en\/webshop\/new-york-9-pieces-rosebox\/","name":"New York - 9 pieces of rosebox - Vintage World","isPartOf":{"@id":"https:\/\/vintageworld.hu\/#website"},"primaryImageOfPage":{"@id":"https:\/\/vintageworld.hu\/en\/webshop\/new-york-9-pieces-rosebox\/#primaryimage"},"image":{"@id":"https:\/\/vintageworld.hu\/en\/webshop\/new-york-9-pieces-rosebox\/#primaryimage"},"thumbnailUrl":"https:\/\/vintageworld.hu\/wp-content\/uploads\/2025\/03\/new_york_9_a_viragdoboz.jpg","datePublished":"2021-04-06T04:41:43+00:00","dateModified":"2025-04-15T16:43:43+00:00","breadcrumb":{"@id":"https:\/\/vintageworld.hu\/en\/webshop\/new-york-9-pieces-rosebox\/#breadcrumb"},"inLanguage":"en-US","potentialAction":[{"@type":"ReadAction","target":["https:\/\/vintageworld.hu\/en\/webshop\/new-york-9-pieces-rosebox\/"]}]},{"@type":"ImageObject","inLanguage":"en-US","@id":"https:\/\/vintageworld.hu\/en\/webshop\/new-york-9-pieces-rosebox\/#primaryimage","url":"https:\/\/vintageworld.hu\/wp-content\/uploads\/2025\/03\/new_york_9_a_viragdoboz.jpg","contentUrl":"https:\/\/vintageworld.hu\/wp-content\/uploads\/2025\/03\/new_york_9_a_viragdoboz.jpg","width":500,"height":501,"caption":"vir\u00e1gdoboz r\u00f3zsadoboz"},{"@type":"BreadcrumbList","@id":"https:\/\/vintageworld.hu\/en\/webshop\/new-york-9-pieces-rosebox\/#breadcrumb","itemListElement":[{"@type":"ListItem","position":1,"name":"Kezd\u0151lap","item":"https:\/\/vintageworld.hu\/en\/"},{"@type":"ListItem","position":2,"name":"Shop","item":"https:\/\/vintageworld.hu\/shop\/"},{"@type":"ListItem","position":3,"name":"New York &#8211; 9 pieces of rosebox"}]},{"@type":"WebSite","@id":"https:\/\/vintageworld.hu\/#website","url":"https:\/\/vintageworld.hu\/","name":"Vintage World","description":"K\u00e1v\u00e9, reggeli, vir\u00e1g, web\u00e1ruh\u00e1z","publisher":{"@id":"https:\/\/vintageworld.hu\/#organization"},"potentialAction":[{"@type":"SearchAction","target":{"@type":"EntryPoint","urlTemplate":"https:\/\/vintageworld.hu\/?s={search_term_string}"},"query-input":{"@type":"PropertyValueSpecification","valueRequired":true,"valueName":"search_term_string"}}],"inLanguage":"en-US"},{"@type":"Organization","@id":"https:\/\/vintageworld.hu\/#organization","name":"Vintage World","url":"https:\/\/vintageworld.hu\/","logo":{"@type":"ImageObject","inLanguage":"en-US","@id":"https:\/\/vintageworld.hu\/#\/schema\/logo\/image\/","url":"https:\/\/vintageworld.hu\/wp-content\/uploads\/2025\/03\/site-logo.png","contentUrl":"https:\/\/vintageworld.hu\/wp-content\/uploads\/2025\/03\/site-logo.png","width":301,"height":89,"caption":"Vintage World"},"image":{"@id":"https:\/\/vintageworld.hu\/#\/schema\/logo\/image\/"}}]}},"_links":{"self":[{"href":"https:\/\/vintageworld.hu\/en\/wp-json\/wp\/v2\/product\/6981","targetHints":{"allow":["GET"]}}],"collection":[{"href":"https:\/\/vintageworld.hu\/en\/wp-json\/wp\/v2\/product"}],"about":[{"href":"https:\/\/vintageworld.hu\/en\/wp-json\/wp\/v2\/types\/product"}],"version-history":[{"count":0,"href":"https:\/\/vintageworld.hu\/en\/wp-json\/wp\/v2\/product\/6981\/revisions"}],"wp:featuredmedia":[{"embeddable":true,"href":"https:\/\/vintageworld.hu\/en\/wp-json\/wp\/v2\/media\/3560"}],"wp:attachment":[{"href":"https:\/\/vintageworld.hu\/en\/wp-json\/wp\/v2\/media?parent=6981"}],"wp:term":[{"taxonomy":"brand","embeddable":true,"href":"https:\/\/vintageworld.hu\/en\/wp-json\/wp\/v2\/etheme_brands?post=6981"},{"taxonomy":"product_brand","embeddable":true,"href":"https:\/\/vintageworld.hu\/en\/wp-json\/wp\/v2\/product_brand?post=6981"},{"taxonomy":"product_cat","embeddable":true,"href":"https:\/\/vintageworld.hu\/en\/wp-json\/wp\/v2\/product_cat?post=6981"},{"taxonomy":"product_tag","embeddable":true,"href":"https:\/\/vintageworld.hu\/en\/wp-json\/wp\/v2\/product_tag?post=6981"}],"curies":[{"name":"wp","href":"https:\/\/api.w.org\/{rel}","templated":true}]}}