{"id":13775,"date":"2025-04-08T12:45:51","date_gmt":"2025-04-08T10:45:51","guid":{"rendered":"https:\/\/vintageworld.hu\/select-page\/"},"modified":"2025-04-17T21:05:31","modified_gmt":"2025-04-17T19:05:31","slug":"select-page","status":"publish","type":"page","link":"https:\/\/vintageworld.hu\/en\/","title":{"rendered":"Select page"},"content":{"rendered":"\t\t<div data-elementor-type=\"wp-page\" data-elementor-id=\"13775\" class=\"elementor elementor-13775 elementor-5907\" data-elementor-post-type=\"page\">\n\t\t\t\t\t\t<section class=\"elementor-section elementor-top-section elementor-element elementor-element-3c330add elementor-section-full_width elementor-section-stretched elementor-section-height-default elementor-section-height-default\" data-id=\"3c330add\" data-element_type=\"section\" data-e-type=\"section\" data-settings=\"{&quot;stretch_section&quot;:&quot;section-stretched&quot;,&quot;animation&quot;:&quot;none&quot;,&quot;background_background&quot;:&quot;classic&quot;}\">\n\t\t\t\t\t\t<div class=\"elementor-container elementor-column-gap-no\">\n\t\t\t\t\t<div class=\"elementor-column elementor-col-50 elementor-top-column elementor-element elementor-element-5beaff23\" data-id=\"5beaff23\" data-element_type=\"column\" data-e-type=\"column\" data-settings=\"{&quot;background_background&quot;:&quot;classic&quot;}\">\n\t\t\t<div class=\"elementor-widget-wrap elementor-element-populated\">\n\t\t\t\t\t<div class=\"elementor-background-overlay\"><\/div>\n\t\t\t\t\t\t<div class=\"elementor-element elementor-element-5782de93 elementor-invisible elementor-widget elementor-widget-heading\" data-id=\"5782de93\" data-element_type=\"widget\" data-e-type=\"widget\" data-settings=\"{&quot;_animation&quot;:&quot;fadeInUp&quot;,&quot;_animation_delay&quot;:250}\" data-widget_type=\"heading.default\">\n\t\t\t\t<div class=\"elementor-widget-container\">\n\t\t\t\t\t<h2 class=\"elementor-heading-title elementor-size-default\">Online store<\/h2>\t\t\t\t<\/div>\n\t\t\t\t<\/div>\n\t\t\t\t<div class=\"elementor-element elementor-element-7706e610 elementor-invisible elementor-widget elementor-widget-text-editor\" data-id=\"7706e610\" data-element_type=\"widget\" data-e-type=\"widget\" data-settings=\"{&quot;_animation&quot;:&quot;fadeInUp&quot;,&quot;_animation_delay&quot;:300}\" data-widget_type=\"text-editor.default\">\n\t\t\t\t<div class=\"elementor-widget-container\">\n\t\t\t\t\t\t\t\t\tFind your favorite gift ideas online\t\t\t\t\t\t\t\t<\/div>\n\t\t\t\t<\/div>\n\t\t\t\t<div class=\"elementor-element elementor-element-678a6a3b elementor-align-center elementor-invisible elementor-widget elementor-widget-button\" data-id=\"678a6a3b\" data-element_type=\"widget\" data-e-type=\"widget\" data-settings=\"{&quot;_animation&quot;:&quot;fadeInUp&quot;,&quot;_animation_delay&quot;:350}\" data-widget_type=\"button.default\">\n\t\t\t\t<div class=\"elementor-widget-container\">\n\t\t\t\t\t\t\t\t\t<div class=\"elementor-button-wrapper\">\n\t\t\t\t\t<a class=\"elementor-button elementor-button-link elementor-size-sm\" href=\"https:\/\/vintageworld.hu\/en\/webshop\/\">\n\t\t\t\t\t\t<span class=\"elementor-button-content-wrapper\">\n\t\t\t\t\t\t<span class=\"elementor-button-icon\">\n\t\t\t\t<i aria-hidden=\"true\" class=\"et-icon et-right-arrow-2\"><\/i>\t\t\t<\/span>\n\t\t\t\t\t\t\t\t\t<span class=\"elementor-button-text\">Go to the online store<\/span>\n\t\t\t\t\t<\/span>\n\t\t\t\t\t<\/a>\n\t\t\t\t<\/div>\n\t\t\t\t\t\t\t\t<\/div>\n\t\t\t\t<\/div>\n\t\t\t\t\t<\/div>\n\t\t<\/div>\n\t\t\t\t<div class=\"elementor-column elementor-col-50 elementor-top-column elementor-element elementor-element-3881448d\" data-id=\"3881448d\" data-element_type=\"column\" data-e-type=\"column\" data-settings=\"{&quot;background_background&quot;:&quot;classic&quot;}\">\n\t\t\t<div class=\"elementor-widget-wrap elementor-element-populated\">\n\t\t\t\t\t<div class=\"elementor-background-overlay\"><\/div>\n\t\t\t\t\t\t<div class=\"elementor-element elementor-element-4b7e3bd5 elementor-invisible elementor-widget elementor-widget-heading\" data-id=\"4b7e3bd5\" data-element_type=\"widget\" data-e-type=\"widget\" data-settings=\"{&quot;_animation&quot;:&quot;fadeInUp&quot;,&quot;_animation_delay&quot;:250}\" data-widget_type=\"heading.default\">\n\t\t\t\t<div class=\"elementor-widget-container\">\n\t\t\t\t\t<h2 class=\"elementor-heading-title elementor-size-default\">BRUNCH PLACE<\/h2>\t\t\t\t<\/div>\n\t\t\t\t<\/div>\n\t\t\t\t<div class=\"elementor-element elementor-element-4f71974d elementor-invisible elementor-widget elementor-widget-text-editor\" data-id=\"4f71974d\" data-element_type=\"widget\" data-e-type=\"widget\" data-settings=\"{&quot;_animation&quot;:&quot;fadeInUp&quot;,&quot;_animation_delay&quot;:300}\" data-widget_type=\"text-editor.default\">\n\t\t\t\t<div class=\"elementor-widget-container\">\n\t\t\t\t\t\t\t\t\tCheck our seasonal offers and brunch place in Debrecen.\t\t\t\t\t\t\t\t<\/div>\n\t\t\t\t<\/div>\n\t\t\t\t<div class=\"elementor-element elementor-element-66baf90f elementor-align-center elementor-invisible elementor-widget elementor-widget-button\" data-id=\"66baf90f\" data-element_type=\"widget\" data-e-type=\"widget\" data-settings=\"{&quot;_animation&quot;:&quot;fadeInUp&quot;,&quot;_animation_delay&quot;:350}\" data-widget_type=\"button.default\">\n\t\t\t\t<div class=\"elementor-widget-container\">\n\t\t\t\t\t\t\t\t\t<div class=\"elementor-button-wrapper\">\n\t\t\t\t\t<a class=\"elementor-button elementor-button-link elementor-size-sm\" href=\"https:\/\/vintageworld.hu\/en\/cafe-flower\/\">\n\t\t\t\t\t\t<span class=\"elementor-button-content-wrapper\">\n\t\t\t\t\t\t<span class=\"elementor-button-icon\">\n\t\t\t\t<i aria-hidden=\"true\" class=\"et-icon et-right-arrow-2\"><\/i>\t\t\t<\/span>\n\t\t\t\t\t\t\t\t\t<span class=\"elementor-button-text\">Go to the brunch place<\/span>\n\t\t\t\t\t<\/span>\n\t\t\t\t\t<\/a>\n\t\t\t\t<\/div>\n\t\t\t\t\t\t\t\t<\/div>\n\t\t\t\t<\/div>\n\t\t\t\t\t<\/div>\n\t\t<\/div>\n\t\t\t\t\t<\/div>\n\t\t<\/section>\n\t\t\t\t<\/div>\n\t\t","protected":false},"excerpt":{"rendered":"<p>Online store Find your favorite gift ideas online Go to the online store BRUNCH PLACE Check our seasonal offers and brunch place in Debrecen. Go to the brunch place<\/p>\n","protected":false},"author":1,"featured_media":0,"parent":0,"menu_order":0,"comment_status":"closed","ping_status":"closed","template":"elementor_header_footer","meta":{"footnotes":""},"class_list":["post-13775","page","type-page","status-publish","hentry"],"yoast_head":"<!-- This site is optimized with the Yoast SEO plugin v27.0 - https:\/\/yoast.com\/product\/yoast-seo-wordpress\/ -->\n<title>Select page - Vintage World<\/title>\n<meta name=\"robots\" content=\"index, follow, max-snippet:-1, max-image-preview:large, max-video-preview:-1\" \/>\n<link rel=\"canonical\" href=\"https:\/\/vintageworld.hu\/en\/\" \/>\n<meta property=\"og:locale\" content=\"en_US\" \/>\n<meta property=\"og:type\" content=\"article\" \/>\n<meta property=\"og:title\" content=\"Select page - Vintage World\" \/>\n<meta property=\"og:description\" content=\"Online store Find your favorite gift ideas online Go to the online store BRUNCH PLACE Check our seasonal offers and brunch place in Debrecen. Go to the brunch place\" \/>\n<meta property=\"og:url\" content=\"https:\/\/vintageworld.hu\/en\/\" \/>\n<meta property=\"og:site_name\" content=\"Vintage World\" \/>\n<meta property=\"article:modified_time\" content=\"2025-04-17T19:05:31+00:00\" \/>\n<meta name=\"twitter:card\" content=\"summary_large_image\" \/>\n<script type=\"application\/ld+json\" class=\"yoast-schema-graph\">{\"@context\":\"https:\/\/schema.org\",\"@graph\":[{\"@type\":\"WebPage\",\"@id\":\"https:\/\/vintageworld.hu\/en\/\",\"url\":\"https:\/\/vintageworld.hu\/en\/\",\"name\":\"Select page - Vintage World\",\"isPartOf\":{\"@id\":\"https:\/\/vintageworld.hu\/#website\"},\"datePublished\":\"2025-04-08T10:45:51+00:00\",\"dateModified\":\"2025-04-17T19:05:31+00:00\",\"breadcrumb\":{\"@id\":\"https:\/\/vintageworld.hu\/en\/#breadcrumb\"},\"inLanguage\":\"en-US\",\"potentialAction\":[{\"@type\":\"ReadAction\",\"target\":[\"https:\/\/vintageworld.hu\/en\/\"]}]},{\"@type\":\"BreadcrumbList\",\"@id\":\"https:\/\/vintageworld.hu\/en\/#breadcrumb\",\"itemListElement\":[{\"@type\":\"ListItem\",\"position\":1,\"name\":\"Kezd\u0151lap\",\"item\":\"https:\/\/vintageworld.hu\/en\/\"},{\"@type\":\"ListItem\",\"position\":2,\"name\":\"Select page\"}]},{\"@type\":\"WebSite\",\"@id\":\"https:\/\/vintageworld.hu\/#website\",\"url\":\"https:\/\/vintageworld.hu\/\",\"name\":\"Vintage World\",\"description\":\"K\u00e1v\u00e9, reggeli, vir\u00e1g, web\u00e1ruh\u00e1z\",\"publisher\":{\"@id\":\"https:\/\/vintageworld.hu\/#organization\"},\"potentialAction\":[{\"@type\":\"SearchAction\",\"target\":{\"@type\":\"EntryPoint\",\"urlTemplate\":\"https:\/\/vintageworld.hu\/?s={search_term_string}\"},\"query-input\":{\"@type\":\"PropertyValueSpecification\",\"valueRequired\":true,\"valueName\":\"search_term_string\"}}],\"inLanguage\":\"en-US\"},{\"@type\":\"Organization\",\"@id\":\"https:\/\/vintageworld.hu\/#organization\",\"name\":\"Vintage World\",\"url\":\"https:\/\/vintageworld.hu\/\",\"logo\":{\"@type\":\"ImageObject\",\"inLanguage\":\"en-US\",\"@id\":\"https:\/\/vintageworld.hu\/#\/schema\/logo\/image\/\",\"url\":\"https:\/\/vintageworld.hu\/wp-content\/uploads\/2025\/03\/site-logo.png\",\"contentUrl\":\"https:\/\/vintageworld.hu\/wp-content\/uploads\/2025\/03\/site-logo.png\",\"width\":301,\"height\":89,\"caption\":\"Vintage World\"},\"image\":{\"@id\":\"https:\/\/vintageworld.hu\/#\/schema\/logo\/image\/\"}}]}<\/script>\n<!-- \/ Yoast SEO plugin. -->","yoast_head_json":{"title":"Select page - Vintage World","robots":{"index":"index","follow":"follow","max-snippet":"max-snippet:-1","max-image-preview":"max-image-preview:large","max-video-preview":"max-video-preview:-1"},"canonical":"https:\/\/vintageworld.hu\/en\/","og_locale":"en_US","og_type":"article","og_title":"Select page - Vintage World","og_description":"Online store Find your favorite gift ideas online Go to the online store BRUNCH PLACE Check our seasonal offers and brunch place in Debrecen. Go to the brunch place","og_url":"https:\/\/vintageworld.hu\/en\/","og_site_name":"Vintage World","article_modified_time":"2025-04-17T19:05:31+00:00","twitter_card":"summary_large_image","schema":{"@context":"https:\/\/schema.org","@graph":[{"@type":"WebPage","@id":"https:\/\/vintageworld.hu\/en\/","url":"https:\/\/vintageworld.hu\/en\/","name":"Select page - Vintage World","isPartOf":{"@id":"https:\/\/vintageworld.hu\/#website"},"datePublished":"2025-04-08T10:45:51+00:00","dateModified":"2025-04-17T19:05:31+00:00","breadcrumb":{"@id":"https:\/\/vintageworld.hu\/en\/#breadcrumb"},"inLanguage":"en-US","potentialAction":[{"@type":"ReadAction","target":["https:\/\/vintageworld.hu\/en\/"]}]},{"@type":"BreadcrumbList","@id":"https:\/\/vintageworld.hu\/en\/#breadcrumb","itemListElement":[{"@type":"ListItem","position":1,"name":"Kezd\u0151lap","item":"https:\/\/vintageworld.hu\/en\/"},{"@type":"ListItem","position":2,"name":"Select page"}]},{"@type":"WebSite","@id":"https:\/\/vintageworld.hu\/#website","url":"https:\/\/vintageworld.hu\/","name":"Vintage World","description":"K\u00e1v\u00e9, reggeli, vir\u00e1g, web\u00e1ruh\u00e1z","publisher":{"@id":"https:\/\/vintageworld.hu\/#organization"},"potentialAction":[{"@type":"SearchAction","target":{"@type":"EntryPoint","urlTemplate":"https:\/\/vintageworld.hu\/?s={search_term_string}"},"query-input":{"@type":"PropertyValueSpecification","valueRequired":true,"valueName":"search_term_string"}}],"inLanguage":"en-US"},{"@type":"Organization","@id":"https:\/\/vintageworld.hu\/#organization","name":"Vintage World","url":"https:\/\/vintageworld.hu\/","logo":{"@type":"ImageObject","inLanguage":"en-US","@id":"https:\/\/vintageworld.hu\/#\/schema\/logo\/image\/","url":"https:\/\/vintageworld.hu\/wp-content\/uploads\/2025\/03\/site-logo.png","contentUrl":"https:\/\/vintageworld.hu\/wp-content\/uploads\/2025\/03\/site-logo.png","width":301,"height":89,"caption":"Vintage World"},"image":{"@id":"https:\/\/vintageworld.hu\/#\/schema\/logo\/image\/"}}]}},"_links":{"self":[{"href":"https:\/\/vintageworld.hu\/en\/wp-json\/wp\/v2\/pages\/13775","targetHints":{"allow":["GET"]}}],"collection":[{"href":"https:\/\/vintageworld.hu\/en\/wp-json\/wp\/v2\/pages"}],"about":[{"href":"https:\/\/vintageworld.hu\/en\/wp-json\/wp\/v2\/types\/page"}],"author":[{"embeddable":true,"href":"https:\/\/vintageworld.hu\/en\/wp-json\/wp\/v2\/users\/1"}],"replies":[{"embeddable":true,"href":"https:\/\/vintageworld.hu\/en\/wp-json\/wp\/v2\/comments?post=13775"}],"version-history":[{"count":0,"href":"https:\/\/vintageworld.hu\/en\/wp-json\/wp\/v2\/pages\/13775\/revisions"}],"wp:attachment":[{"href":"https:\/\/vintageworld.hu\/en\/wp-json\/wp\/v2\/media?parent=13775"}],"curies":[{"name":"wp","href":"https:\/\/api.w.org\/{rel}","templated":true}]}}